{"id":11196,"date":"2025-07-07T13:26:14","date_gmt":"2025-07-07T11:26:14","guid":{"rendered":"https:\/\/vidasenespanol.com\/?post_type=product&#038;p=11196"},"modified":"2025-09-05T13:07:06","modified_gmt":"2025-09-05T11:07:06","slug":"soy-todo-oidos-1-y-2","status":"publish","type":"product","link":"https:\/\/vidasenespanol.com\/pl\/produkt\/soy-todo-oidos-1-y-2\/","title":{"rendered":"Cuadernos de ejercicios: Soy tod@ o\u00eddos 1 y 2"},"content":{"rendered":"<div id=\"dslc-theme-content\"><div id=\"dslc-theme-content-inner\">\t\t<div data-elementor-type=\"product-post\" data-elementor-id=\"11196\" class=\"elementor elementor-11196\" data-elementor-settings=\"[]\">\n\t\t\t\t\t\t<div class=\"elementor-inner\">\n\t\t\t\t\t\t\t<div class=\"elementor-section-wrap\">\n\t\t\t\t\t\t\t<section class=\"elementor-section elementor-top-section elementor-element elementor-element-b90837a elementor-section-boxed elementor-section-height-default elementor-section-height-default\" data-id=\"b90837a\" data-element_type=\"section\">\n\t\t\t\t\t\t<div class=\"elementor-container elementor-column-gap-default\">\n\t\t\t\t\t\t\t<div class=\"elementor-row\">\n\t\t\t\t\t<div class=\"elementor-column elementor-col-100 elementor-top-column elementor-element elementor-element-6ebed10\" data-id=\"6ebed10\" data-element_type=\"column\">\n\t\t\t<div class=\"elementor-column-wrap elementor-element-populated\">\n\t\t\t\t\t\t\t<div class=\"elementor-widget-wrap\">\n\t\t\t\t\t\t<div class=\"elementor-element elementor-element-eabe820 elementor-widget elementor-widget-text-editor\" data-id=\"eabe820\" data-element_type=\"widget\" data-widget_type=\"text-editor.default\">\n\t\t\t\t<div class=\"elementor-widget-container\">\n\t\t\t\t\t<div class=\"elementor-text-editor elementor-clearfix\"><h2>\u00a0<\/h2><h2 style=\"text-align: center;\"><span style=\"color: #000000;\">Pakiet zawieraj\u0105cy te dwa zeszyty \u0107wicze\u0144 obecnie dost\u0119pny jest <strong>w promocyjnej cenie 53,13 z\u0142 <\/strong><\/span><\/h2><h2 style=\"text-align: center;\"><span style=\"color: #000000;\"><strong>(zamiast 70 z\u0142)<\/strong> \ud83d\ude42<\/span><\/h2><\/div>\n\t\t\t\t<\/div>\n\t\t\t\t<\/div>\n\t\t\t\t<section class=\"elementor-section elementor-inner-section elementor-element elementor-element-4377dbe elementor-section-boxed elementor-section-height-default elementor-section-height-default\" data-id=\"4377dbe\" data-element_type=\"section\">\n\t\t\t\t\t\t<div class=\"elementor-container elementor-column-gap-default\">\n\t\t\t\t\t\t\t<div class=\"elementor-row\">\n\t\t\t\t\t<div class=\"elementor-column elementor-col-50 elementor-inner-column elementor-element elementor-element-ab54c11\" data-id=\"ab54c11\" data-element_type=\"column\">\n\t\t\t<div class=\"elementor-column-wrap elementor-element-populated\">\n\t\t\t\t\t\t\t<div class=\"elementor-widget-wrap\">\n\t\t\t\t\t\t<div class=\"elementor-element elementor-element-6000a26 elementor-widget elementor-widget-image\" data-id=\"6000a26\" data-element_type=\"widget\" data-widget_type=\"image.default\">\n\t\t\t\t<div class=\"elementor-widget-container\">\n\t\t\t\t\t<div class=\"elementor-image\">\n\t\t\t\t\t\t\t\t\t\t\t<a href=\"https:\/\/vidasenespanol.com\/pl\/produkt\/soy-todo-oidos\/\">\n\t\t\t\t\t\t\t<img loading=\"lazy\" decoding=\"async\" width=\"724\" height=\"1024\" src=\"https:\/\/vidasenespanol.com\/wp-content\/uploads\/2025\/04\/soy-tod@-oidos-724x1024.png\" class=\"attachment-large size-large\" alt=\"\" srcset=\"https:\/\/vidasenespanol.com\/wp-content\/uploads\/2025\/04\/soy-tod@-oidos-724x1024.png 724w, https:\/\/vidasenespanol.com\/wp-content\/uploads\/2025\/04\/soy-tod@-oidos-212x300.png 212w, https:\/\/vidasenespanol.com\/wp-content\/uploads\/2025\/04\/soy-tod@-oidos-768x1086.png 768w, https:\/\/vidasenespanol.com\/wp-content\/uploads\/2025\/04\/soy-tod@-oidos-1086x1536.png 1086w, https:\/\/vidasenespanol.com\/wp-content\/uploads\/2025\/04\/soy-tod@-oidos-1448x2048.png 1448w, https:\/\/vidasenespanol.com\/wp-content\/uploads\/2025\/04\/soy-tod@-oidos-360x509.png 360w, https:\/\/vidasenespanol.com\/wp-content\/uploads\/2025\/04\/soy-tod@-oidos-600x849.png 600w\" sizes=\"(max-width: 724px) 100vw, 724px\" \/>\t\t\t\t\t\t\t\t<\/a>\n\t\t\t\t\t\t\t\t\t\t\t<\/div>\n\t\t\t\t<\/div>\n\t\t\t\t<\/div>\n\t\t\t\t\t\t<\/div>\n\t\t\t\t\t<\/div>\n\t\t<\/div>\n\t\t\t\t<div class=\"elementor-column elementor-col-50 elementor-inner-column elementor-element elementor-element-5ceb054\" data-id=\"5ceb054\" data-element_type=\"column\">\n\t\t\t<div class=\"elementor-column-wrap elementor-element-populated\">\n\t\t\t\t\t\t\t<div class=\"elementor-widget-wrap\">\n\t\t\t\t\t\t<div class=\"elementor-element elementor-element-54facb1 elementor-widget elementor-widget-image\" data-id=\"54facb1\" data-element_type=\"widget\" data-widget_type=\"image.default\">\n\t\t\t\t<div class=\"elementor-widget-container\">\n\t\t\t\t\t<div class=\"elementor-image\">\n\t\t\t\t\t\t\t\t\t\t\t<a href=\"https:\/\/vidasenespanol.com\/pl\/produkt\/cuaderno-de-ejercicios-soy-todo-oidos-ii\/\">\n\t\t\t\t\t\t\t<img loading=\"lazy\" decoding=\"async\" width=\"724\" height=\"1024\" src=\"https:\/\/vidasenespanol.com\/wp-content\/uploads\/2025\/07\/Soy-tod@-oidos-2-724x1024.png\" class=\"attachment-large size-large\" alt=\"\" srcset=\"https:\/\/vidasenespanol.com\/wp-content\/uploads\/2025\/07\/Soy-tod@-oidos-2-724x1024.png 724w, https:\/\/vidasenespanol.com\/wp-content\/uploads\/2025\/07\/Soy-tod@-oidos-2-212x300.png 212w, https:\/\/vidasenespanol.com\/wp-content\/uploads\/2025\/07\/Soy-tod@-oidos-2-768x1086.png 768w, https:\/\/vidasenespanol.com\/wp-content\/uploads\/2025\/07\/Soy-tod@-oidos-2-1086x1536.png 1086w, https:\/\/vidasenespanol.com\/wp-content\/uploads\/2025\/07\/Soy-tod@-oidos-2-1448x2048.png 1448w, https:\/\/vidasenespanol.com\/wp-content\/uploads\/2025\/07\/Soy-tod@-oidos-2-360x509.png 360w, https:\/\/vidasenespanol.com\/wp-content\/uploads\/2025\/07\/Soy-tod@-oidos-2-600x849.png 600w\" sizes=\"(max-width: 724px) 100vw, 724px\" \/>\t\t\t\t\t\t\t\t<\/a>\n\t\t\t\t\t\t\t\t\t\t\t<\/div>\n\t\t\t\t<\/div>\n\t\t\t\t<\/div>\n\t\t\t\t\t\t<\/div>\n\t\t\t\t\t<\/div>\n\t\t<\/div>\n\t\t\t\t\t\t\t\t<\/div>\n\t\t\t\t\t<\/div>\n\t\t<\/section>\n\t\t\t\t<div class=\"elementor-element elementor-element-7173f8a2 elementor-align-center elementor-widget elementor-widget-wc-add-to-cart\" data-id=\"7173f8a2\" data-element_type=\"widget\" data-widget_type=\"wc-add-to-cart.default\">\n\t\t\t\t<div class=\"elementor-widget-container\">\n\t\t\t\n\t\n\t<form class=\"cart\" action=\"https:\/\/vidasenespanol.com\/pl\/produkt\/soy-todo-oidos-1-y-2\/\" method=\"post\" enctype='multipart\/form-data'>\n\t\t\n\t\t<div class=\"quantity\">\n\t\t<label class=\"screen-reader-text\" for=\"quantity_69e1fe71b8b3c\">ilo\u015b\u0107 Cuadernos de ejercicios: Soy tod@ o\u00eddos 1 y 2<\/label>\n\t<input\n\t\ttype=\"hidden\"\n\t\t\t\tid=\"quantity_69e1fe71b8b3c\"\n\t\tclass=\"input-text qty text\"\n\t\tname=\"quantity\"\n\t\tvalue=\"1\"\n\t\taria-label=\"Ilo\u015b\u0107 produktu\"\n\t\tsize=\"4\"\n\t\tmin=\"1\"\n\t\tmax=\"1\"\n\t\t\t\t\tstep=\"1\"\n\t\t\tplaceholder=\"\"\n\t\t\tinputmode=\"numeric\"\n\t\t\tautocomplete=\"off\"\n\t\t\t\/>\n\t<\/div>\n\n\t\t<button type=\"submit\" name=\"add-to-cart\" value=\"11196\" class=\"single_add_to_cart_button elementor-button button alt\">\t\t<span class=\"elementor-button-content-wrapper\">\n\t\t\t\t\t\t<span class=\"elementor-button-icon elementor-align-icon-left\">\n\t\t\t\t<i aria-hidden=\"true\" class=\"fas fa-shopping-cart\"><\/i>\t\t\t<\/span>\n\t\t\t\t\t\t<span class=\"elementor-button-text\">Kup pakiet<\/span>\n\t\t<\/span>\n\t\t<\/button>\n\n\t\t\t<\/form>\n\n\t\n\t\t<\/div>\n\t\t\t\t<\/div>\n\t\t\t\t\t\t<\/div>\n\t\t\t\t\t<\/div>\n\t\t<\/div>\n\t\t\t\t\t\t\t\t<\/div>\n\t\t\t\t\t<\/div>\n\t\t<\/section>\n\t\t\t\t<section class=\"elementor-section elementor-top-section elementor-element elementor-element-40cb9647 elementor-section-stretched vidas-zapisz-baner elementor-section-boxed elementor-section-height-default elementor-section-height-default\" data-id=\"40cb9647\" data-element_type=\"section\" data-settings=\"{&quot;stretch_section&quot;:&quot;section-stretched&quot;}\">\n\t\t\t\t\t\t<div class=\"elementor-container elementor-column-gap-no\">\n\t\t\t\t\t\t\t<div class=\"elementor-row\">\n\t\t\t\t\t<div class=\"elementor-column elementor-col-100 elementor-top-column elementor-element elementor-element-5001b31b\" data-id=\"5001b31b\" data-element_type=\"column\">\n\t\t\t<div class=\"elementor-column-wrap elementor-element-populated\">\n\t\t\t\t\t\t\t<div class=\"elementor-widget-wrap\">\n\t\t\t\t\t\t<div class=\"elementor-element elementor-element-4dbecdb8 elementor-widget elementor-widget-image\" data-id=\"4dbecdb8\" data-element_type=\"widget\" data-widget_type=\"image.default\">\n\t\t\t\t<div class=\"elementor-widget-container\">\n\t\t\t\t\t<div class=\"elementor-image\">\n\t\t\t\t\t\t\t\t\t\t<img loading=\"lazy\" decoding=\"async\" width=\"1230\" height=\"468\" src=\"https:\/\/vidasenespanol.com\/wp-content\/uploads\/2023\/05\/32.png\" class=\"attachment-full size-full\" alt=\"\" srcset=\"https:\/\/vidasenespanol.com\/wp-content\/uploads\/2023\/05\/32.png 1230w, https:\/\/vidasenespanol.com\/wp-content\/uploads\/2023\/05\/32-300x114.png 300w, https:\/\/vidasenespanol.com\/wp-content\/uploads\/2023\/05\/32-1024x390.png 1024w, https:\/\/vidasenespanol.com\/wp-content\/uploads\/2023\/05\/32-768x292.png 768w, https:\/\/vidasenespanol.com\/wp-content\/uploads\/2023\/05\/32-360x137.png 360w, https:\/\/vidasenespanol.com\/wp-content\/uploads\/2023\/05\/32-600x228.png 600w\" sizes=\"(max-width: 1230px) 100vw, 1230px\" \/>\t\t\t\t\t\t\t\t\t\t\t<\/div>\n\t\t\t\t<\/div>\n\t\t\t\t<\/div>\n\t\t\t\t\t\t<\/div>\n\t\t\t\t\t<\/div>\n\t\t<\/div>\n\t\t\t\t\t\t\t\t<\/div>\n\t\t\t\t\t<\/div>\n\t\t<\/section>\n\t\t\t\t\t\t<\/div>\n\t\t\t\t\t\t<\/div>\n\t\t\t\t\t<\/div>\n\t\t<\/div><\/div>","protected":false},"excerpt":{"rendered":"<p>\u00a0 Pakiet zawieraj\u0105cy te dwa zeszyty \u0107wicze\u0144 obecnie dost\u0119pny jest w promocyjnej cenie 53,13 z\u0142 (zamiast 70 z\u0142) \ud83d\ude42 Cuadernos de ejercicios: Soy tod@ o\u00eddos 1 y 2 cantidad Kup pakiet<\/p>\n","protected":false},"featured_media":11198,"template":"","meta":{"episode_type":"","audio_file":"","cover_image":"","cover_image_id":"","duration":"","filesize":"","date_recorded":"","explicit":"","block":"","filesize_raw":""},"product_cat":[41],"product_tag":[],"class_list":{"0":"post-11196","1":"product","2":"type-product","3":"status-publish","4":"has-post-thumbnail","6":"product_cat-bez-kategorii","8":"first","9":"instock","10":"downloadable","11":"virtual","12":"sold-individually","13":"taxable","14":"purchasable","15":"product-type-simple"},"_links":{"self":[{"href":"https:\/\/vidasenespanol.com\/pl\/wp-json\/wp\/v2\/product\/11196"}],"collection":[{"href":"https:\/\/vidasenespanol.com\/pl\/wp-json\/wp\/v2\/product"}],"about":[{"href":"https:\/\/vidasenespanol.com\/pl\/wp-json\/wp\/v2\/types\/product"}],"version-history":[{"count":13,"href":"https:\/\/vidasenespanol.com\/pl\/wp-json\/wp\/v2\/product\/11196\/revisions"}],"predecessor-version":[{"id":11501,"href":"https:\/\/vidasenespanol.com\/pl\/wp-json\/wp\/v2\/product\/11196\/revisions\/11501"}],"wp:featuredmedia":[{"embeddable":true,"href":"https:\/\/vidasenespanol.com\/pl\/wp-json\/wp\/v2\/media\/11198"}],"wp:attachment":[{"href":"https:\/\/vidasenespanol.com\/pl\/wp-json\/wp\/v2\/media?parent=11196"}],"wp:term":[{"taxonomy":"product_cat","embeddable":true,"href":"https:\/\/vidasenespanol.com\/pl\/wp-json\/wp\/v2\/product_cat?post=11196"},{"taxonomy":"product_tag","embeddable":true,"href":"https:\/\/vidasenespanol.com\/pl\/wp-json\/wp\/v2\/product_tag?post=11196"}],"curies":[{"name":"wp","href":"https:\/\/api.w.org\/{rel}","templated":true}]}}