{"id":12658,"date":"2026-04-23T17:05:22","date_gmt":"2026-04-23T15:05:22","guid":{"rendered":"https:\/\/vidasenespanol.com\/?post_type=product&#038;p=12658"},"modified":"2026-04-23T18:54:23","modified_gmt":"2026-04-23T16:54:23","slug":"historias-locas","status":"publish","type":"product","link":"https:\/\/vidasenespanol.com\/pl\/produkt\/historias-locas\/","title":{"rendered":"7 expresiones que requieren el uso del subjuntivo (y 7 historias locas que te ayudar\u00e1n a recordarlas)"},"content":{"rendered":"<div id=\"dslc-theme-content\"><div id=\"dslc-theme-content-inner\">\t\t<div data-elementor-type=\"product-post\" data-elementor-id=\"12658\" class=\"elementor elementor-12658 elementor-12657\" data-elementor-settings=\"[]\">\n\t\t\t\t\t\t<div class=\"elementor-inner\">\n\t\t\t\t\t\t\t<div class=\"elementor-section-wrap\">\n\t\t\t\t\t\t\t<section class=\"elementor-section elementor-top-section elementor-element elementor-element-70b7735f elementor-section-boxed elementor-section-height-default elementor-section-height-default\" data-id=\"70b7735f\" data-element_type=\"section\">\n\t\t\t\t\t\t<div class=\"elementor-container elementor-column-gap-default\">\n\t\t\t\t\t\t\t<div class=\"elementor-row\">\n\t\t\t\t\t<div class=\"elementor-column elementor-col-100 elementor-top-column elementor-element elementor-element-5570433\" data-id=\"5570433\" data-element_type=\"column\">\n\t\t\t<div class=\"elementor-column-wrap elementor-element-populated\">\n\t\t\t\t\t\t\t<div class=\"elementor-widget-wrap\">\n\t\t\t\t\t\t<div class=\"elementor-element elementor-element-69d2dfb elementor-widget elementor-widget-text-editor\" data-id=\"69d2dfb\" data-element_type=\"widget\" data-widget_type=\"text-editor.default\">\n\t\t\t\t<div class=\"elementor-widget-container\">\n\t\t\t\t\t<div class=\"elementor-text-editor elementor-clearfix\"><h2><span style=\"color: #000000;\">Jedna z moich uczennic (hiszpa\u0144ski mniej wi\u0119cej na poziomie B2\/C1) zainspirowa\u0142a mnie do stworzenia <strong>nowego materia\u0142u skierowanego do os\u00f3b na poziomie zaawansowanym<\/strong>, kt\u00f3re potrafi\u0105 ju\u017c m\u00f3wi\u0107 po hiszpa\u0144sku, ale wci\u0105\u017c umykaj\u0105 im pewne drobne kwestie zwi\u0105zane z u\u017cyciem trybu subjuntivo. Mam na my\u015bli <strong>r\u00f3\u017cne wyra\u017cenia, kt\u00f3re wymagaj\u0105 u\u017cycia tego trybu, ale nie s\u0105 \u0142atwe do zapami\u0119tania \ud83d\ude09<\/strong> Dlatego postanowi\u0142am napisa\u0107 kilka zwariowanych historii, kt\u00f3re pozwol\u0105 Tobie (lub Twoim uczniom, je\u015bli jeste\u015b nauczycielem\/k\u0105) zautomatyzowa\u0107 u\u017cycie tych wyra\u017ce\u0144 albo przynajmniej nie czu\u0107 si\u0119 zaskoczonym\/-\u0105, gdy zobaczysz je w po\u0142\u0105czeniu z formami subjuntivo \ud83d\ude09<strong><br \/><\/strong><\/span><\/h2><\/div>\n\t\t\t\t<\/div>\n\t\t\t\t<\/div>\n\t\t\t\t\t\t<\/div>\n\t\t\t\t\t<\/div>\n\t\t<\/div>\n\t\t\t\t\t\t\t\t<\/div>\n\t\t\t\t\t<\/div>\n\t\t<\/section>\n\t\t\t\t<section class=\"elementor-section elementor-top-section elementor-element elementor-element-215b32c6 elementor-section-boxed elementor-section-height-default elementor-section-height-default\" data-id=\"215b32c6\" data-element_type=\"section\">\n\t\t\t\t\t\t<div class=\"elementor-container elementor-column-gap-no\">\n\t\t\t\t\t\t\t<div class=\"elementor-row\">\n\t\t\t\t\t<div class=\"elementor-column elementor-col-50 elementor-top-column elementor-element elementor-element-66de228\" data-id=\"66de228\" data-element_type=\"column\">\n\t\t\t<div class=\"elementor-column-wrap elementor-element-populated\">\n\t\t\t\t\t\t\t<div class=\"elementor-widget-wrap\">\n\t\t\t\t\t\t<div class=\"elementor-element elementor-element-6226c29c elementor-widget elementor-widget-image\" data-id=\"6226c29c\" data-element_type=\"widget\" data-widget_type=\"image.default\">\n\t\t\t\t<div class=\"elementor-widget-container\">\n\t\t\t\t\t<div class=\"elementor-image\">\n\t\t\t\t\t\t\t\t\t\t<img loading=\"lazy\" decoding=\"async\" width=\"2828\" height=\"4000\" src=\"https:\/\/vidasenespanol.com\/wp-content\/uploads\/2026\/04\/7-historias-locas-3.png\" class=\"attachment-full size-full\" alt=\"\" srcset=\"https:\/\/vidasenespanol.com\/wp-content\/uploads\/2026\/04\/7-historias-locas-3.png 2828w, https:\/\/vidasenespanol.com\/wp-content\/uploads\/2026\/04\/7-historias-locas-3-212x300.png 212w, https:\/\/vidasenespanol.com\/wp-content\/uploads\/2026\/04\/7-historias-locas-3-724x1024.png 724w, https:\/\/vidasenespanol.com\/wp-content\/uploads\/2026\/04\/7-historias-locas-3-768x1086.png 768w, https:\/\/vidasenespanol.com\/wp-content\/uploads\/2026\/04\/7-historias-locas-3-1086x1536.png 1086w, https:\/\/vidasenespanol.com\/wp-content\/uploads\/2026\/04\/7-historias-locas-3-1448x2048.png 1448w, https:\/\/vidasenespanol.com\/wp-content\/uploads\/2026\/04\/7-historias-locas-3-360x509.png 360w, https:\/\/vidasenespanol.com\/wp-content\/uploads\/2026\/04\/7-historias-locas-3-600x849.png 600w\" sizes=\"(max-width: 2828px) 100vw, 2828px\" \/>\t\t\t\t\t\t\t\t\t\t\t<\/div>\n\t\t\t\t<\/div>\n\t\t\t\t<\/div>\n\t\t\t\t<div class=\"elementor-element elementor-element-6379c8a4 elementor-widget elementor-widget-text-editor\" data-id=\"6379c8a4\" data-element_type=\"widget\" data-widget_type=\"text-editor.default\">\n\t\t\t\t<div class=\"elementor-widget-container\">\n\t\t\t\t\t<div class=\"elementor-text-editor elementor-clearfix\"><\/div>\n\t\t\t\t<\/div>\n\t\t\t\t<\/div>\n\t\t\t\t\t\t<\/div>\n\t\t\t\t\t<\/div>\n\t\t<\/div>\n\t\t\t\t<div class=\"elementor-column elementor-col-50 elementor-top-column elementor-element elementor-element-9957141\" data-id=\"9957141\" data-element_type=\"column\">\n\t\t\t<div class=\"elementor-column-wrap elementor-element-populated\">\n\t\t\t\t\t\t\t<div class=\"elementor-widget-wrap\">\n\t\t\t\t\t\t<div class=\"elementor-element elementor-element-6e64fbe elementor-widget elementor-widget-text-editor\" data-id=\"6e64fbe\" data-element_type=\"widget\" data-widget_type=\"text-editor.default\">\n\t\t\t\t<div class=\"elementor-widget-container\">\n\t\t\t\t\t<div class=\"elementor-text-editor elementor-clearfix\"><h3 style=\"text-align: center; margin-bottom: 15px;\"><span style=\"text-decoration: underline;\"><strong>Przedsprzeda\u017c tego ebooka w\u0142a\u015bnie si\u0119 rozpocz\u0119\u0142a. CO TO OZNACZA?<\/strong><\/span><\/h3><h4>Oznacza to, \u017ce mo\u017cesz <strong>kupi\u0107 tego ebooka ju\u017c teraz z 40% zni\u017ck\u0105 i zap\u0142aci\u0107 tylko 36 z\u0142<\/strong> zamiast 60 i od razu otrzyma\u0107 ebooka z 3 pierwszymi historiami (i 9 \u0107wiczeniami): <strong>\u201cLa llama fil\u00f3sofa del s\u00faper\u201d, \u201cEl pulpo que daba clases de gram\u00e1tica\u201d<\/strong> i <strong>\u201cLa historia del lobito bueno\u201d<\/strong>.<\/h4><h2>Pozosta\u0142\u0105 cz\u0119\u015b\u0107 ebooka, czyli kolejne 4 historie i duuu\u017co wi\u0119cej \u0107wicze\u0144, otrzymasz nieco p\u00f3\u017aniej (najp\u00f3\u017aniej pod koniec czerwca 2026).<\/h2><h2><strong>UWAGA! Ta cena ju\u017c nigdy nie wr\u00f3ci!<\/strong><\/h2><h4>Poni\u017cej znajdziesz kilka przyk\u0142adowych stron z ebooka (dost\u0119pnego w formacie PDF).<\/h4><\/div>\n\t\t\t\t<\/div>\n\t\t\t\t<\/div>\n\t\t\t\t<div class=\"elementor-element elementor-element-7173f8a2 elementor-align-center elementor-widget elementor-widget-wc-add-to-cart\" data-id=\"7173f8a2\" data-element_type=\"widget\" data-widget_type=\"wc-add-to-cart.default\">\n\t\t\t\t<div class=\"elementor-widget-container\">\n\t\t\t\n\t\n\t<form class=\"cart\" action=\"https:\/\/vidasenespanol.com\/pl\/produkt\/historias-locas\/\" method=\"post\" enctype='multipart\/form-data'>\n\t\t\n\t\t<div class=\"quantity\">\n\t\t<label class=\"screen-reader-text\" for=\"quantity_69eb09bdcf033\">ilo\u015b\u0107 7 expresiones que requieren el uso del subjuntivo (y 7 historias locas que te ayudar\u00e1n a recordarlas)<\/label>\n\t<input\n\t\ttype=\"hidden\"\n\t\t\t\tid=\"quantity_69eb09bdcf033\"\n\t\tclass=\"input-text qty text\"\n\t\tname=\"quantity\"\n\t\tvalue=\"1\"\n\t\taria-label=\"Ilo\u015b\u0107 produktu\"\n\t\tsize=\"4\"\n\t\tmin=\"1\"\n\t\tmax=\"1\"\n\t\t\t\t\tstep=\"1\"\n\t\t\tplaceholder=\"\"\n\t\t\tinputmode=\"numeric\"\n\t\t\tautocomplete=\"off\"\n\t\t\t\/>\n\t<\/div>\n\n\t\t<button type=\"submit\" name=\"add-to-cart\" value=\"12658\" class=\"single_add_to_cart_button elementor-button button alt\">\t\t<span class=\"elementor-button-content-wrapper\">\n\t\t\t\t\t\t<span class=\"elementor-button-icon elementor-align-icon-left\">\n\t\t\t\t<i aria-hidden=\"true\" class=\"fas fa-shopping-cart\"><\/i>\t\t\t<\/span>\n\t\t\t\t\t\t<span class=\"elementor-button-text\">Dodaj do koszyka<\/span>\n\t\t<\/span>\n\t\t<\/button>\n\n\t\t\t<\/form>\n\n\t\n\t\t<\/div>\n\t\t\t\t<\/div>\n\t\t\t\t\t\t<\/div>\n\t\t\t\t\t<\/div>\n\t\t<\/div>\n\t\t\t\t\t\t\t\t<\/div>\n\t\t\t\t\t<\/div>\n\t\t<\/section>\n\t\t\t\t<section class=\"elementor-section elementor-top-section elementor-element elementor-element-bea8bf7 elementor-section-boxed elementor-section-height-default elementor-section-height-default\" data-id=\"bea8bf7\" data-element_type=\"section\">\n\t\t\t\t\t\t<div class=\"elementor-container elementor-column-gap-default\">\n\t\t\t\t\t\t\t<div class=\"elementor-row\">\n\t\t\t\t\t<div class=\"elementor-column elementor-col-100 elementor-top-column elementor-element elementor-element-5453370\" data-id=\"5453370\" data-element_type=\"column\">\n\t\t\t<div class=\"elementor-column-wrap elementor-element-populated\">\n\t\t\t\t\t\t\t<div class=\"elementor-widget-wrap\">\n\t\t\t\t\t\t<div class=\"elementor-element elementor-element-6852dce elementor-widget elementor-widget-text-editor\" data-id=\"6852dce\" data-element_type=\"widget\" data-widget_type=\"text-editor.default\">\n\t\t\t\t<div class=\"elementor-widget-container\">\n\t\t\t\t\t<div class=\"elementor-text-editor elementor-clearfix\"><h3 style=\"text-align: center; margin-bottom: 15px;\"><span style=\"text-decoration: underline;\"><strong>Do kogo skierowany jest ten zeszyt \u0107wicze\u0144?<\/strong><\/span><\/h3><h4>Ten materia\u0142 przygotowa\u0142am z my\u015bl\u0105 o dw\u00f3ch grupach os\u00f3b:<\/h4><h4><strong>&#8211; osobach\u00a0ucz\u0105cych si\u0119 hiszpa\u0144skiego samodzielnie na poziomie \u015bredniozaawansowanym i zaawansowanym (B2\u2013C1)<\/strong>, kt\u00f3re chc\u0105 utrzyma\u0107 kontakt z j\u0119zykiem, jednocze\u015bnie poszerzaj\u0105c s\u0142ownictwo i automatyzuj\u0105c u\u017cycie trybu subjuntivo<\/h4><h4><strong>&#8211; nauczycielach j\u0119zyka hiszpa\u0144skiego <\/strong>poszukuj\u0105cych atrakcyjnych i interesuj\u0105cych materia\u0142\u00f3w na zaj\u0119cia na poziomie <strong>\u015bredniozaawansowanym i zaawansowanym (B2\u2013C1)<\/strong><\/h4><h4>\u00a0<\/h4><\/div>\n\t\t\t\t<\/div>\n\t\t\t\t<\/div>\n\t\t\t\t\t\t<\/div>\n\t\t\t\t\t<\/div>\n\t\t<\/div>\n\t\t\t\t\t\t\t\t<\/div>\n\t\t\t\t\t<\/div>\n\t\t<\/section>\n\t\t\t\t<section class=\"elementor-section elementor-top-section elementor-element elementor-element-53406513 elementor-section-boxed elementor-section-height-default elementor-section-height-default\" data-id=\"53406513\" data-element_type=\"section\">\n\t\t\t\t\t\t<div class=\"elementor-container elementor-column-gap-default\">\n\t\t\t\t\t\t\t<div class=\"elementor-row\">\n\t\t\t\t\t<div class=\"elementor-column elementor-col-50 elementor-top-column elementor-element elementor-element-764ce41b\" data-id=\"764ce41b\" data-element_type=\"column\">\n\t\t\t<div class=\"elementor-column-wrap elementor-element-populated\">\n\t\t\t\t\t\t\t<div class=\"elementor-widget-wrap\">\n\t\t\t\t\t\t<div class=\"elementor-element elementor-element-556687fc elementor-widget elementor-widget-image\" data-id=\"556687fc\" data-element_type=\"widget\" data-widget_type=\"image.default\">\n\t\t\t\t<div class=\"elementor-widget-container\">\n\t\t\t\t\t<div class=\"elementor-image\">\n\t\t\t\t\t\t\t\t\t\t<img loading=\"lazy\" decoding=\"async\" width=\"2828\" height=\"4000\" src=\"https:\/\/vidasenespanol.com\/wp-content\/uploads\/2026\/04\/7-historias-locas-4.png\" class=\"attachment-full size-full\" alt=\"\" srcset=\"https:\/\/vidasenespanol.com\/wp-content\/uploads\/2026\/04\/7-historias-locas-4.png 2828w, https:\/\/vidasenespanol.com\/wp-content\/uploads\/2026\/04\/7-historias-locas-4-212x300.png 212w, https:\/\/vidasenespanol.com\/wp-content\/uploads\/2026\/04\/7-historias-locas-4-724x1024.png 724w, https:\/\/vidasenespanol.com\/wp-content\/uploads\/2026\/04\/7-historias-locas-4-768x1086.png 768w, https:\/\/vidasenespanol.com\/wp-content\/uploads\/2026\/04\/7-historias-locas-4-1086x1536.png 1086w, https:\/\/vidasenespanol.com\/wp-content\/uploads\/2026\/04\/7-historias-locas-4-1448x2048.png 1448w, https:\/\/vidasenespanol.com\/wp-content\/uploads\/2026\/04\/7-historias-locas-4-360x509.png 360w, https:\/\/vidasenespanol.com\/wp-content\/uploads\/2026\/04\/7-historias-locas-4-600x849.png 600w\" sizes=\"(max-width: 2828px) 100vw, 2828px\" \/>\t\t\t\t\t\t\t\t\t\t\t<\/div>\n\t\t\t\t<\/div>\n\t\t\t\t<\/div>\n\t\t\t\t\t\t<\/div>\n\t\t\t\t\t<\/div>\n\t\t<\/div>\n\t\t\t\t<div class=\"elementor-column elementor-col-50 elementor-top-column elementor-element elementor-element-14823d5a\" data-id=\"14823d5a\" data-element_type=\"column\">\n\t\t\t<div class=\"elementor-column-wrap elementor-element-populated\">\n\t\t\t\t\t\t\t<div class=\"elementor-widget-wrap\">\n\t\t\t\t\t\t<div class=\"elementor-element elementor-element-08be15e elementor-widget elementor-widget-image\" data-id=\"08be15e\" data-element_type=\"widget\" data-widget_type=\"image.default\">\n\t\t\t\t<div class=\"elementor-widget-container\">\n\t\t\t\t\t<div class=\"elementor-image\">\n\t\t\t\t\t\t\t\t\t\t<img loading=\"lazy\" decoding=\"async\" width=\"2828\" height=\"4000\" src=\"https:\/\/vidasenespanol.com\/wp-content\/uploads\/2026\/04\/7-historias-locas-5.png\" class=\"attachment-full size-full\" alt=\"\" srcset=\"https:\/\/vidasenespanol.com\/wp-content\/uploads\/2026\/04\/7-historias-locas-5.png 2828w, https:\/\/vidasenespanol.com\/wp-content\/uploads\/2026\/04\/7-historias-locas-5-212x300.png 212w, https:\/\/vidasenespanol.com\/wp-content\/uploads\/2026\/04\/7-historias-locas-5-724x1024.png 724w, https:\/\/vidasenespanol.com\/wp-content\/uploads\/2026\/04\/7-historias-locas-5-768x1086.png 768w, https:\/\/vidasenespanol.com\/wp-content\/uploads\/2026\/04\/7-historias-locas-5-1086x1536.png 1086w, https:\/\/vidasenespanol.com\/wp-content\/uploads\/2026\/04\/7-historias-locas-5-1448x2048.png 1448w, https:\/\/vidasenespanol.com\/wp-content\/uploads\/2026\/04\/7-historias-locas-5-360x509.png 360w, https:\/\/vidasenespanol.com\/wp-content\/uploads\/2026\/04\/7-historias-locas-5-600x849.png 600w\" sizes=\"(max-width: 2828px) 100vw, 2828px\" \/>\t\t\t\t\t\t\t\t\t\t\t<\/div>\n\t\t\t\t<\/div>\n\t\t\t\t<\/div>\n\t\t\t\t\t\t<\/div>\n\t\t\t\t\t<\/div>\n\t\t<\/div>\n\t\t\t\t\t\t\t\t<\/div>\n\t\t\t\t\t<\/div>\n\t\t<\/section>\n\t\t\t\t<section class=\"elementor-section elementor-top-section elementor-element elementor-element-c1cbb4f elementor-section-boxed elementor-section-height-default elementor-section-height-default\" data-id=\"c1cbb4f\" data-element_type=\"section\">\n\t\t\t\t\t\t<div class=\"elementor-container elementor-column-gap-default\">\n\t\t\t\t\t\t\t<div class=\"elementor-row\">\n\t\t\t\t\t<div class=\"elementor-column elementor-col-50 elementor-top-column elementor-element elementor-element-d1b6043\" data-id=\"d1b6043\" data-element_type=\"column\">\n\t\t\t<div class=\"elementor-column-wrap elementor-element-populated\">\n\t\t\t\t\t\t\t<div class=\"elementor-widget-wrap\">\n\t\t\t\t\t\t<div class=\"elementor-element elementor-element-ed4969f elementor-widget elementor-widget-image\" data-id=\"ed4969f\" data-element_type=\"widget\" data-widget_type=\"image.default\">\n\t\t\t\t<div class=\"elementor-widget-container\">\n\t\t\t\t\t<div class=\"elementor-image\">\n\t\t\t\t\t\t\t\t\t\t<img loading=\"lazy\" decoding=\"async\" width=\"2828\" height=\"4000\" src=\"https:\/\/vidasenespanol.com\/wp-content\/uploads\/2026\/04\/2.png\" class=\"attachment-full size-full\" alt=\"\" srcset=\"https:\/\/vidasenespanol.com\/wp-content\/uploads\/2026\/04\/2.png 2828w, https:\/\/vidasenespanol.com\/wp-content\/uploads\/2026\/04\/2-212x300.png 212w, https:\/\/vidasenespanol.com\/wp-content\/uploads\/2026\/04\/2-724x1024.png 724w, https:\/\/vidasenespanol.com\/wp-content\/uploads\/2026\/04\/2-768x1086.png 768w, https:\/\/vidasenespanol.com\/wp-content\/uploads\/2026\/04\/2-1086x1536.png 1086w, https:\/\/vidasenespanol.com\/wp-content\/uploads\/2026\/04\/2-1448x2048.png 1448w, https:\/\/vidasenespanol.com\/wp-content\/uploads\/2026\/04\/2-360x509.png 360w, https:\/\/vidasenespanol.com\/wp-content\/uploads\/2026\/04\/2-600x849.png 600w\" sizes=\"(max-width: 2828px) 100vw, 2828px\" \/>\t\t\t\t\t\t\t\t\t\t\t<\/div>\n\t\t\t\t<\/div>\n\t\t\t\t<\/div>\n\t\t\t\t\t\t<\/div>\n\t\t\t\t\t<\/div>\n\t\t<\/div>\n\t\t\t\t<div class=\"elementor-column elementor-col-50 elementor-top-column elementor-element elementor-element-768f5c9\" data-id=\"768f5c9\" data-element_type=\"column\">\n\t\t\t<div class=\"elementor-column-wrap elementor-element-populated\">\n\t\t\t\t\t\t\t<div class=\"elementor-widget-wrap\">\n\t\t\t\t\t\t<div class=\"elementor-element elementor-element-0a30492 elementor-widget elementor-widget-image\" data-id=\"0a30492\" data-element_type=\"widget\" data-widget_type=\"image.default\">\n\t\t\t\t<div class=\"elementor-widget-container\">\n\t\t\t\t\t<div class=\"elementor-image\">\n\t\t\t\t\t\t\t\t\t\t<img loading=\"lazy\" decoding=\"async\" width=\"2828\" height=\"4000\" src=\"https:\/\/vidasenespanol.com\/wp-content\/uploads\/2026\/04\/7.png\" class=\"attachment-full size-full\" alt=\"\" srcset=\"https:\/\/vidasenespanol.com\/wp-content\/uploads\/2026\/04\/7.png 2828w, https:\/\/vidasenespanol.com\/wp-content\/uploads\/2026\/04\/7-212x300.png 212w, https:\/\/vidasenespanol.com\/wp-content\/uploads\/2026\/04\/7-724x1024.png 724w, https:\/\/vidasenespanol.com\/wp-content\/uploads\/2026\/04\/7-768x1086.png 768w, https:\/\/vidasenespanol.com\/wp-content\/uploads\/2026\/04\/7-1086x1536.png 1086w, https:\/\/vidasenespanol.com\/wp-content\/uploads\/2026\/04\/7-1448x2048.png 1448w, https:\/\/vidasenespanol.com\/wp-content\/uploads\/2026\/04\/7-360x509.png 360w, https:\/\/vidasenespanol.com\/wp-content\/uploads\/2026\/04\/7-600x849.png 600w\" sizes=\"(max-width: 2828px) 100vw, 2828px\" \/>\t\t\t\t\t\t\t\t\t\t\t<\/div>\n\t\t\t\t<\/div>\n\t\t\t\t<\/div>\n\t\t\t\t\t\t<\/div>\n\t\t\t\t\t<\/div>\n\t\t<\/div>\n\t\t\t\t\t\t\t\t<\/div>\n\t\t\t\t\t<\/div>\n\t\t<\/section>\n\t\t\t\t<section class=\"elementor-section elementor-top-section elementor-element elementor-element-e8475ce elementor-section-boxed elementor-section-height-default elementor-section-height-default\" data-id=\"e8475ce\" data-element_type=\"section\">\n\t\t\t\t\t\t<div class=\"elementor-container elementor-column-gap-default\">\n\t\t\t\t\t\t\t<div class=\"elementor-row\">\n\t\t\t\t\t<div class=\"elementor-column elementor-col-100 elementor-top-column elementor-element elementor-element-0d301bb\" data-id=\"0d301bb\" data-element_type=\"column\">\n\t\t\t<div class=\"elementor-column-wrap\">\n\t\t\t\t\t\t\t<div class=\"elementor-widget-wrap\">\n\t\t\t\t\t\t\t\t<\/div>\n\t\t\t\t\t<\/div>\n\t\t<\/div>\n\t\t\t\t\t\t\t\t<\/div>\n\t\t\t\t\t<\/div>\n\t\t<\/section>\n\t\t\t\t<section class=\"elementor-section elementor-top-section elementor-element elementor-element-98b5f3c elementor-section-boxed elementor-section-height-default elementor-section-height-default\" data-id=\"98b5f3c\" data-element_type=\"section\">\n\t\t\t\t\t\t<div class=\"elementor-container elementor-column-gap-default\">\n\t\t\t\t\t\t\t<div class=\"elementor-row\">\n\t\t\t\t\t<div class=\"elementor-column elementor-col-100 elementor-top-column elementor-element elementor-element-ae3e090\" data-id=\"ae3e090\" data-element_type=\"column\">\n\t\t\t<div class=\"elementor-column-wrap elementor-element-populated\">\n\t\t\t\t\t\t\t<div class=\"elementor-widget-wrap\">\n\t\t\t\t\t\t<div class=\"elementor-element elementor-element-cd707dd elementor-align-center elementor-widget elementor-widget-wc-add-to-cart\" data-id=\"cd707dd\" data-element_type=\"widget\" data-widget_type=\"wc-add-to-cart.default\">\n\t\t\t\t<div class=\"elementor-widget-container\">\n\t\t\t\n\t\n\t<form class=\"cart\" action=\"https:\/\/vidasenespanol.com\/pl\/produkt\/historias-locas\/\" method=\"post\" enctype='multipart\/form-data'>\n\t\t\n\t\t<div class=\"quantity\">\n\t\t<label class=\"screen-reader-text\" for=\"quantity_69eb09bdd90a5\">ilo\u015b\u0107 7 expresiones que requieren el uso del subjuntivo (y 7 historias locas que te ayudar\u00e1n a recordarlas)<\/label>\n\t<input\n\t\ttype=\"hidden\"\n\t\t\t\tid=\"quantity_69eb09bdd90a5\"\n\t\tclass=\"input-text qty text\"\n\t\tname=\"quantity\"\n\t\tvalue=\"1\"\n\t\taria-label=\"Ilo\u015b\u0107 produktu\"\n\t\tsize=\"4\"\n\t\tmin=\"1\"\n\t\tmax=\"1\"\n\t\t\t\t\tstep=\"1\"\n\t\t\tplaceholder=\"\"\n\t\t\tinputmode=\"numeric\"\n\t\t\tautocomplete=\"off\"\n\t\t\t\/>\n\t<\/div>\n\n\t\t<button type=\"submit\" name=\"add-to-cart\" value=\"12658\" class=\"single_add_to_cart_button elementor-button button alt\">\t\t<span class=\"elementor-button-content-wrapper\">\n\t\t\t\t\t\t<span class=\"elementor-button-icon elementor-align-icon-left\">\n\t\t\t\t<i aria-hidden=\"true\" class=\"fas fa-shopping-cart\"><\/i>\t\t\t<\/span>\n\t\t\t\t\t\t<span class=\"elementor-button-text\">Dodaj do koszyka<\/span>\n\t\t<\/span>\n\t\t<\/button>\n\n\t\t\t<\/form>\n\n\t\n\t\t<\/div>\n\t\t\t\t<\/div>\n\t\t\t\t\t\t<\/div>\n\t\t\t\t\t<\/div>\n\t\t<\/div>\n\t\t\t\t\t\t\t\t<\/div>\n\t\t\t\t\t<\/div>\n\t\t<\/section>\n\t\t\t\t<section class=\"elementor-section elementor-top-section elementor-element elementor-element-40cb9647 elementor-section-stretched vidas-zapisz-baner elementor-section-boxed elementor-section-height-default elementor-section-height-default\" data-id=\"40cb9647\" data-element_type=\"section\" data-settings=\"{&quot;stretch_section&quot;:&quot;section-stretched&quot;}\">\n\t\t\t\t\t\t<div class=\"elementor-container elementor-column-gap-no\">\n\t\t\t\t\t\t\t<div class=\"elementor-row\">\n\t\t\t\t\t<div class=\"elementor-column elementor-col-100 elementor-top-column elementor-element elementor-element-5001b31b\" data-id=\"5001b31b\" data-element_type=\"column\">\n\t\t\t<div class=\"elementor-column-wrap elementor-element-populated\">\n\t\t\t\t\t\t\t<div class=\"elementor-widget-wrap\">\n\t\t\t\t\t\t<div class=\"elementor-element elementor-element-4dbecdb8 elementor-widget elementor-widget-image\" data-id=\"4dbecdb8\" data-element_type=\"widget\" data-widget_type=\"image.default\">\n\t\t\t\t<div class=\"elementor-widget-container\">\n\t\t\t\t\t<div class=\"elementor-image\">\n\t\t\t\t\t\t\t\t\t\t<img loading=\"lazy\" decoding=\"async\" width=\"1230\" height=\"468\" src=\"https:\/\/vidasenespanol.com\/wp-content\/uploads\/2023\/05\/32.png\" class=\"attachment-full size-full\" alt=\"\" srcset=\"https:\/\/vidasenespanol.com\/wp-content\/uploads\/2023\/05\/32.png 1230w, https:\/\/vidasenespanol.com\/wp-content\/uploads\/2023\/05\/32-300x114.png 300w, https:\/\/vidasenespanol.com\/wp-content\/uploads\/2023\/05\/32-1024x390.png 1024w, https:\/\/vidasenespanol.com\/wp-content\/uploads\/2023\/05\/32-768x292.png 768w, https:\/\/vidasenespanol.com\/wp-content\/uploads\/2023\/05\/32-360x137.png 360w, https:\/\/vidasenespanol.com\/wp-content\/uploads\/2023\/05\/32-600x228.png 600w\" sizes=\"(max-width: 1230px) 100vw, 1230px\" \/>\t\t\t\t\t\t\t\t\t\t\t<\/div>\n\t\t\t\t<\/div>\n\t\t\t\t<\/div>\n\t\t\t\t\t\t<\/div>\n\t\t\t\t\t<\/div>\n\t\t<\/div>\n\t\t\t\t\t\t\t\t<\/div>\n\t\t\t\t\t<\/div>\n\t\t<\/section>\n\t\t\t\t\t\t<\/div>\n\t\t\t\t\t\t<\/div>\n\t\t\t\t\t<\/div>\n\t\t<\/div><\/div>","protected":false},"excerpt":{"rendered":"<p>Jedna z moich uczennic (hiszpa\u0144ski mniej wi\u0119cej na poziomie B2\/C1) zainspirowa\u0142a mnie do stworzenia nowego materia\u0142u skierowanego do os\u00f3b na poziomie zaawansowanym, kt\u00f3re potrafi\u0105 ju\u017c m\u00f3wi\u0107 po hiszpa\u0144sku, ale wci\u0105\u017c umykaj\u0105 im pewne drobne kwestie zwi\u0105zane z u\u017cyciem trybu subjuntivo. Mam na my\u015bli r\u00f3\u017cne wyra\u017cenia, kt\u00f3re wymagaj\u0105 u\u017cycia tego trybu, ale nie s\u0105 \u0142atwe do [&hellip;]<\/p>\n","protected":false},"featured_media":12662,"template":"","meta":{"episode_type":"","audio_file":"","cover_image":"","cover_image_id":"","duration":"","filesize":"","date_recorded":"","explicit":"","block":"","filesize_raw":""},"product_cat":[41],"product_tag":[],"class_list":{"0":"post-12658","1":"product","2":"type-product","3":"status-publish","4":"has-post-thumbnail","6":"product_cat-bez-kategorii","8":"first","9":"instock","10":"downloadable","11":"virtual","12":"sold-individually","13":"taxable","14":"purchasable","15":"product-type-simple"},"_links":{"self":[{"href":"https:\/\/vidasenespanol.com\/pl\/wp-json\/wp\/v2\/product\/12658"}],"collection":[{"href":"https:\/\/vidasenespanol.com\/pl\/wp-json\/wp\/v2\/product"}],"about":[{"href":"https:\/\/vidasenespanol.com\/pl\/wp-json\/wp\/v2\/types\/product"}],"version-history":[{"count":25,"href":"https:\/\/vidasenespanol.com\/pl\/wp-json\/wp\/v2\/product\/12658\/revisions"}],"predecessor-version":[{"id":12734,"href":"https:\/\/vidasenespanol.com\/pl\/wp-json\/wp\/v2\/product\/12658\/revisions\/12734"}],"wp:featuredmedia":[{"embeddable":true,"href":"https:\/\/vidasenespanol.com\/pl\/wp-json\/wp\/v2\/media\/12662"}],"wp:attachment":[{"href":"https:\/\/vidasenespanol.com\/pl\/wp-json\/wp\/v2\/media?parent=12658"}],"wp:term":[{"taxonomy":"product_cat","embeddable":true,"href":"https:\/\/vidasenespanol.com\/pl\/wp-json\/wp\/v2\/product_cat?post=12658"},{"taxonomy":"product_tag","embeddable":true,"href":"https:\/\/vidasenespanol.com\/pl\/wp-json\/wp\/v2\/product_tag?post=12658"}],"curies":[{"name":"wp","href":"https:\/\/api.w.org\/{rel}","templated":true}]}}