{"id":8990,"date":"2023-09-29T09:30:27","date_gmt":"2023-09-29T07:30:27","guid":{"rendered":"https:\/\/vidasenespanol.com\/produkt\/100-verbos\/"},"modified":"2025-12-03T12:46:25","modified_gmt":"2025-12-03T11:46:25","slug":"100-verbos","status":"publish","type":"product","link":"https:\/\/vidasenespanol.com\/pl\/produkt\/100-verbos\/","title":{"rendered":"100 verbos de un nivel un poco m\u00e1s avanzado"},"content":{"rendered":"<div id=\"dslc-theme-content\"><div id=\"dslc-theme-content-inner\">\t\t<div data-elementor-type=\"product-post\" data-elementor-id=\"8990\" class=\"elementor elementor-8990 elementor-7802\" data-elementor-settings=\"[]\">\n\t\t\t\t\t\t<div class=\"elementor-inner\">\n\t\t\t\t\t\t\t<div class=\"elementor-section-wrap\">\n\t\t\t\t\t\t\t<section class=\"elementor-section elementor-top-section elementor-element elementor-element-70b7735f elementor-section-boxed elementor-section-height-default elementor-section-height-default\" data-id=\"70b7735f\" data-element_type=\"section\">\n\t\t\t\t\t\t<div class=\"elementor-container elementor-column-gap-default\">\n\t\t\t\t\t\t\t<div class=\"elementor-row\">\n\t\t\t\t\t<div class=\"elementor-column elementor-col-100 elementor-top-column elementor-element elementor-element-5570433\" data-id=\"5570433\" data-element_type=\"column\">\n\t\t\t<div class=\"elementor-column-wrap elementor-element-populated\">\n\t\t\t\t\t\t\t<div class=\"elementor-widget-wrap\">\n\t\t\t\t\t\t<div class=\"elementor-element elementor-element-69d2dfb elementor-widget elementor-widget-text-editor\" data-id=\"69d2dfb\" data-element_type=\"widget\" data-widget_type=\"text-editor.default\">\n\t\t\t\t<div class=\"elementor-widget-container\">\n\t\t\t\t\t<div class=\"elementor-text-editor elementor-clearfix\"><h2><strong>Brakuje Ci czasu na poszerzanie s\u0142ownictwa?<\/strong> Masz ju\u017c solidne podstawy (wiesz, jak zam\u00f3wi\u0107 paell\u0119 w hiszpa\u0144skim barze, czy zameldowa\u0107 si\u0119 w hotelu, bez problemu pytasz Hiszpan\u00f3w o drog\u0119), ale pragniesz czego\u015b wi\u0119cej? <strong>Chcia\u0142(a)by\u015b czyta\u0107 hiszpa\u0144skie powie\u015bci lub gazety?<\/strong> <strong>W takim razie nie mog\u0142e\u015b\/a\u015b trafi\u0107 lepiej:<\/strong> te <strong>fiszki<\/strong> zmieszcz\u0105 si\u0119 w kieszeni, mo\u017cesz cz\u0119sto rzuca\u0107 na nie okiem, niezale\u017cnie od tego, gdzie si\u0119 znajdujesz (a po powrocie do domu utrwala\u0107 poznane s\u0142ownictwo wykonuj\u0105c <strong>zadania z zeszytu \u0107wicze\u0144<\/strong>). Dzi\u0119ki temu zestawowi <strong>poznasz 100 czasownik\u00f3w z nieco bardziej zaawansowanego poziomu, po\u0107wiczysz ich u\u017cycie (i u\u017cycie czas\u00f3w przesz\u0142ych!) oraz rozumienie ze s\u0142uchu \ud83d\ude42<\/strong><\/h2><\/div>\n\t\t\t\t<\/div>\n\t\t\t\t<\/div>\n\t\t\t\t\t\t<\/div>\n\t\t\t\t\t<\/div>\n\t\t<\/div>\n\t\t\t\t\t\t\t\t<\/div>\n\t\t\t\t\t<\/div>\n\t\t<\/section>\n\t\t\t\t<section class=\"elementor-section elementor-top-section elementor-element elementor-element-215b32c6 elementor-section-boxed elementor-section-height-default elementor-section-height-default\" data-id=\"215b32c6\" data-element_type=\"section\">\n\t\t\t\t\t\t<div class=\"elementor-container elementor-column-gap-no\">\n\t\t\t\t\t\t\t<div class=\"elementor-row\">\n\t\t\t\t\t<div class=\"elementor-column elementor-col-50 elementor-top-column elementor-element elementor-element-66de228\" data-id=\"66de228\" data-element_type=\"column\">\n\t\t\t<div class=\"elementor-column-wrap elementor-element-populated\">\n\t\t\t\t\t\t\t<div class=\"elementor-widget-wrap\">\n\t\t\t\t\t\t<div class=\"elementor-element elementor-element-6226c29c elementor-widget elementor-widget-image\" data-id=\"6226c29c\" data-element_type=\"widget\" data-widget_type=\"image.default\">\n\t\t\t\t<div class=\"elementor-widget-container\">\n\t\t\t\t\t<div class=\"elementor-image\">\n\t\t\t\t\t\t\t\t\t\t<img loading=\"lazy\" decoding=\"async\" width=\"2160\" height=\"2160\" src=\"https:\/\/vidasenespanol.com\/wp-content\/uploads\/2023\/09\/100-fichas-.png\" class=\"attachment-full size-full\" alt=\"\" srcset=\"https:\/\/vidasenespanol.com\/wp-content\/uploads\/2023\/09\/100-fichas-.png 2160w, https:\/\/vidasenespanol.com\/wp-content\/uploads\/2023\/09\/100-fichas--300x300.png 300w, https:\/\/vidasenespanol.com\/wp-content\/uploads\/2023\/09\/100-fichas--1024x1024.png 1024w, https:\/\/vidasenespanol.com\/wp-content\/uploads\/2023\/09\/100-fichas--150x150.png 150w, https:\/\/vidasenespanol.com\/wp-content\/uploads\/2023\/09\/100-fichas--768x768.png 768w, https:\/\/vidasenespanol.com\/wp-content\/uploads\/2023\/09\/100-fichas--1536x1536.png 1536w, https:\/\/vidasenespanol.com\/wp-content\/uploads\/2023\/09\/100-fichas--2048x2048.png 2048w, https:\/\/vidasenespanol.com\/wp-content\/uploads\/2023\/09\/100-fichas--360x360.png 360w, https:\/\/vidasenespanol.com\/wp-content\/uploads\/2023\/09\/100-fichas--600x600.png 600w, https:\/\/vidasenespanol.com\/wp-content\/uploads\/2023\/09\/100-fichas--100x100.png 100w\" sizes=\"(max-width: 2160px) 100vw, 2160px\" \/>\t\t\t\t\t\t\t\t\t\t\t<\/div>\n\t\t\t\t<\/div>\n\t\t\t\t<\/div>\n\t\t\t\t<div class=\"elementor-element elementor-element-6379c8a4 elementor-widget elementor-widget-text-editor\" data-id=\"6379c8a4\" data-element_type=\"widget\" data-widget_type=\"text-editor.default\">\n\t\t\t\t<div class=\"elementor-widget-container\">\n\t\t\t\t\t<div class=\"elementor-text-editor elementor-clearfix\"><h4>Poni\u017cej znajdziesz kilka przyk\u0142adowych stron z zeszytu \u0107wicze\u0144 (dost\u0119pnego w formacie PDF).<\/h4>\n<\/div>\n\t\t\t\t<\/div>\n\t\t\t\t<\/div>\n\t\t\t\t\t\t<\/div>\n\t\t\t\t\t<\/div>\n\t\t<\/div>\n\t\t\t\t<div class=\"elementor-column elementor-col-50 elementor-top-column elementor-element elementor-element-9957141\" data-id=\"9957141\" data-element_type=\"column\">\n\t\t\t<div class=\"elementor-column-wrap elementor-element-populated\">\n\t\t\t\t\t\t\t<div class=\"elementor-widget-wrap\">\n\t\t\t\t\t\t<div class=\"elementor-element elementor-element-6e64fbe elementor-widget elementor-widget-text-editor\" data-id=\"6e64fbe\" data-element_type=\"widget\" data-widget_type=\"text-editor.default\">\n\t\t\t\t<div class=\"elementor-widget-container\">\n\t\t\t\t\t<div class=\"elementor-text-editor elementor-clearfix\"><h2 style=\"text-align: center;\"><span style=\"text-decoration: underline;\"><strong>Co zawiera ten zestaw?<\/strong><\/span><\/h2><h3><strong>-&gt; 100 fiszek<\/strong> (do druku), dzi\u0119ki kt\u00f3rym poznasz i utrwalisz nowe s\u0142ownictwo przyjemnie i efektywnie \ud83d\ude42 <strong>Ka\u017cda fiszka zawiera jeden czasownik, wyja\u015bnienie jego znaczenia i przyk\u0142ad u\u017cycia.<\/strong><\/h3><h3><strong>-&gt; zeszyt \u0107wicze\u0144<\/strong> (ponad 20 zada\u0144), dzi\u0119ki kt\u00f3rym po\u0107wiczysz nie tylko u\u017cycie nowo poznanych czasownik\u00f3w, ale tak\u017ce <strong>czasy przesz\u0142e i rozumienie ze s\u0142uchu \ud83d\ude42<\/strong><\/h3><h3>Cena zestawu &#8220;100 verbos de un nivel un poco m\u00e1s avanzado&#8221; to <strong>63 z\u0142<\/strong>.<\/h3><\/div>\n\t\t\t\t<\/div>\n\t\t\t\t<\/div>\n\t\t\t\t<div class=\"elementor-element elementor-element-7173f8a2 elementor-align-center elementor-widget elementor-widget-wc-add-to-cart\" data-id=\"7173f8a2\" data-element_type=\"widget\" data-widget_type=\"wc-add-to-cart.default\">\n\t\t\t\t<div class=\"elementor-widget-container\">\n\t\t\t\n\t\n\t<form class=\"cart\" action=\"https:\/\/vidasenespanol.com\/pl\/produkt\/100-verbos\/\" method=\"post\" enctype='multipart\/form-data'>\n\t\t\n\t\t<div class=\"quantity\">\n\t\t<label class=\"screen-reader-text\" for=\"quantity_69dfe2a406bd1\">ilo\u015b\u0107 100 verbos de un nivel un poco m\u00e1s avanzado<\/label>\n\t<input\n\t\ttype=\"hidden\"\n\t\t\t\tid=\"quantity_69dfe2a406bd1\"\n\t\tclass=\"input-text qty text\"\n\t\tname=\"quantity\"\n\t\tvalue=\"1\"\n\t\taria-label=\"Ilo\u015b\u0107 produktu\"\n\t\tsize=\"4\"\n\t\tmin=\"1\"\n\t\tmax=\"1\"\n\t\t\t\t\tstep=\"1\"\n\t\t\tplaceholder=\"\"\n\t\t\tinputmode=\"numeric\"\n\t\t\tautocomplete=\"off\"\n\t\t\t\/>\n\t<\/div>\n\n\t\t<button type=\"submit\" name=\"add-to-cart\" value=\"8990\" class=\"single_add_to_cart_button elementor-button button alt\">\t\t<span class=\"elementor-button-content-wrapper\">\n\t\t\t\t\t\t<span class=\"elementor-button-icon elementor-align-icon-left\">\n\t\t\t\t<i aria-hidden=\"true\" class=\"fas fa-shopping-cart\"><\/i>\t\t\t<\/span>\n\t\t\t\t\t\t<span class=\"elementor-button-text\">Dodaj do koszyka<\/span>\n\t\t<\/span>\n\t\t<\/button>\n\n\t\t\t<\/form>\n\n\t\n\t\t<\/div>\n\t\t\t\t<\/div>\n\t\t\t\t\t\t<\/div>\n\t\t\t\t\t<\/div>\n\t\t<\/div>\n\t\t\t\t\t\t\t\t<\/div>\n\t\t\t\t\t<\/div>\n\t\t<\/section>\n\t\t\t\t<section class=\"elementor-section elementor-top-section elementor-element elementor-element-bea8bf7 elementor-section-boxed elementor-section-height-default elementor-section-height-default\" data-id=\"bea8bf7\" data-element_type=\"section\">\n\t\t\t\t\t\t<div class=\"elementor-container elementor-column-gap-default\">\n\t\t\t\t\t\t\t<div class=\"elementor-row\">\n\t\t\t\t\t<div class=\"elementor-column elementor-col-100 elementor-top-column elementor-element elementor-element-5453370\" data-id=\"5453370\" data-element_type=\"column\">\n\t\t\t<div class=\"elementor-column-wrap elementor-element-populated\">\n\t\t\t\t\t\t\t<div class=\"elementor-widget-wrap\">\n\t\t\t\t\t\t<div class=\"elementor-element elementor-element-6852dce elementor-widget elementor-widget-text-editor\" data-id=\"6852dce\" data-element_type=\"widget\" data-widget_type=\"text-editor.default\">\n\t\t\t\t<div class=\"elementor-widget-container\">\n\t\t\t\t\t<div class=\"elementor-text-editor elementor-clearfix\"><h3 style=\"text-align: center; margin-bottom: 15px;\"><span style=\"text-decoration: underline;\"><strong>Do kogo skierowany jest ten zestaw?<\/strong><\/span><\/h3>\n<h3>Zestaw \u201c<strong>100 verbos de un nivel un poco m\u00e1s avanzado<\/strong>\u201d jest skierowany do <strong>os\u00f3b ucz\u0105cych si\u0119 hiszpa\u0144skiego na poziomie \u015bredniozaawansowanym<\/strong> <strong>(A2-B2)<\/strong>, lubi\u0105cych ciekawe i nowatorskie materia\u0142y do nauki. Mo\u017ce by\u0107 tak\u017ce przydatnym narz\u0119dziem <strong>dla nauczycieli poszukuj\u0105cych materia\u0142\u00f3w uzupe\u0142niaj\u0105cych<\/strong>, umo\u017cliwiaj\u0105cych uatrakcyjnienie prowadzonych zaj\u0119\u0107 \ud83d\ude42<\/h3>\n<\/div>\n\t\t\t\t<\/div>\n\t\t\t\t<\/div>\n\t\t\t\t\t\t<\/div>\n\t\t\t\t\t<\/div>\n\t\t<\/div>\n\t\t\t\t\t\t\t\t<\/div>\n\t\t\t\t\t<\/div>\n\t\t<\/section>\n\t\t\t\t<section class=\"elementor-section elementor-top-section elementor-element elementor-element-53406513 elementor-section-boxed elementor-section-height-default elementor-section-height-default\" data-id=\"53406513\" data-element_type=\"section\">\n\t\t\t\t\t\t<div class=\"elementor-container elementor-column-gap-default\">\n\t\t\t\t\t\t\t<div class=\"elementor-row\">\n\t\t\t\t\t<div class=\"elementor-column elementor-col-50 elementor-top-column elementor-element elementor-element-764ce41b\" data-id=\"764ce41b\" data-element_type=\"column\">\n\t\t\t<div class=\"elementor-column-wrap elementor-element-populated\">\n\t\t\t\t\t\t\t<div class=\"elementor-widget-wrap\">\n\t\t\t\t\t\t<div class=\"elementor-element elementor-element-556687fc elementor-widget elementor-widget-image\" data-id=\"556687fc\" data-element_type=\"widget\" data-widget_type=\"image.default\">\n\t\t\t\t<div class=\"elementor-widget-container\">\n\t\t\t\t\t<div class=\"elementor-image\">\n\t\t\t\t\t\t\t\t\t\t<img loading=\"lazy\" decoding=\"async\" width=\"1414\" height=\"2000\" src=\"https:\/\/vidasenespanol.com\/wp-content\/uploads\/2023\/09\/Espan\u0303ol-para-cada-estacio\u0301n-del-an\u0303o.-Primavera.2.png\" class=\"attachment-full size-full\" alt=\"\" srcset=\"https:\/\/vidasenespanol.com\/wp-content\/uploads\/2023\/09\/Espan\u0303ol-para-cada-estacio\u0301n-del-an\u0303o.-Primavera.2.png 1414w, https:\/\/vidasenespanol.com\/wp-content\/uploads\/2023\/09\/Espan\u0303ol-para-cada-estacio\u0301n-del-an\u0303o.-Primavera.2-212x300.png 212w, https:\/\/vidasenespanol.com\/wp-content\/uploads\/2023\/09\/Espan\u0303ol-para-cada-estacio\u0301n-del-an\u0303o.-Primavera.2-724x1024.png 724w, https:\/\/vidasenespanol.com\/wp-content\/uploads\/2023\/09\/Espan\u0303ol-para-cada-estacio\u0301n-del-an\u0303o.-Primavera.2-768x1086.png 768w, https:\/\/vidasenespanol.com\/wp-content\/uploads\/2023\/09\/Espan\u0303ol-para-cada-estacio\u0301n-del-an\u0303o.-Primavera.2-1086x1536.png 1086w, https:\/\/vidasenespanol.com\/wp-content\/uploads\/2023\/09\/Espan\u0303ol-para-cada-estacio\u0301n-del-an\u0303o.-Primavera.2-360x509.png 360w, https:\/\/vidasenespanol.com\/wp-content\/uploads\/2023\/09\/Espan\u0303ol-para-cada-estacio\u0301n-del-an\u0303o.-Primavera.2-600x849.png 600w\" sizes=\"(max-width: 1414px) 100vw, 1414px\" \/>\t\t\t\t\t\t\t\t\t\t\t<\/div>\n\t\t\t\t<\/div>\n\t\t\t\t<\/div>\n\t\t\t\t\t\t<\/div>\n\t\t\t\t\t<\/div>\n\t\t<\/div>\n\t\t\t\t<div class=\"elementor-column elementor-col-50 elementor-top-column elementor-element elementor-element-14823d5a\" data-id=\"14823d5a\" data-element_type=\"column\">\n\t\t\t<div class=\"elementor-column-wrap elementor-element-populated\">\n\t\t\t\t\t\t\t<div class=\"elementor-widget-wrap\">\n\t\t\t\t\t\t<div class=\"elementor-element elementor-element-08be15e elementor-widget elementor-widget-image\" data-id=\"08be15e\" data-element_type=\"widget\" data-widget_type=\"image.default\">\n\t\t\t\t<div class=\"elementor-widget-container\">\n\t\t\t\t\t<div class=\"elementor-image\">\n\t\t\t\t\t\t\t\t\t\t<img loading=\"lazy\" decoding=\"async\" width=\"1414\" height=\"2000\" src=\"https:\/\/vidasenespanol.com\/wp-content\/uploads\/2023\/09\/100-verbos.png\" class=\"attachment-full size-full\" alt=\"\" srcset=\"https:\/\/vidasenespanol.com\/wp-content\/uploads\/2023\/09\/100-verbos.png 1414w, https:\/\/vidasenespanol.com\/wp-content\/uploads\/2023\/09\/100-verbos-212x300.png 212w, https:\/\/vidasenespanol.com\/wp-content\/uploads\/2023\/09\/100-verbos-724x1024.png 724w, https:\/\/vidasenespanol.com\/wp-content\/uploads\/2023\/09\/100-verbos-768x1086.png 768w, https:\/\/vidasenespanol.com\/wp-content\/uploads\/2023\/09\/100-verbos-1086x1536.png 1086w, https:\/\/vidasenespanol.com\/wp-content\/uploads\/2023\/09\/100-verbos-360x509.png 360w, https:\/\/vidasenespanol.com\/wp-content\/uploads\/2023\/09\/100-verbos-600x849.png 600w\" sizes=\"(max-width: 1414px) 100vw, 1414px\" \/>\t\t\t\t\t\t\t\t\t\t\t<\/div>\n\t\t\t\t<\/div>\n\t\t\t\t<\/div>\n\t\t\t\t\t\t<\/div>\n\t\t\t\t\t<\/div>\n\t\t<\/div>\n\t\t\t\t\t\t\t\t<\/div>\n\t\t\t\t\t<\/div>\n\t\t<\/section>\n\t\t\t\t<section class=\"elementor-section elementor-top-section elementor-element elementor-element-55cf91f elementor-section-boxed elementor-section-height-default elementor-section-height-default\" data-id=\"55cf91f\" data-element_type=\"section\">\n\t\t\t\t\t\t<div class=\"elementor-container elementor-column-gap-default\">\n\t\t\t\t\t\t\t<div class=\"elementor-row\">\n\t\t\t\t\t<div class=\"elementor-column elementor-col-100 elementor-top-column elementor-element elementor-element-d35112f\" data-id=\"d35112f\" data-element_type=\"column\">\n\t\t\t<div class=\"elementor-column-wrap elementor-element-populated\">\n\t\t\t\t\t\t\t<div class=\"elementor-widget-wrap\">\n\t\t\t\t\t\t<div class=\"elementor-element elementor-element-f09d42e elementor-widget elementor-widget-text-editor\" data-id=\"f09d42e\" data-element_type=\"widget\" data-widget_type=\"text-editor.default\">\n\t\t\t\t<div class=\"elementor-widget-container\">\n\t\t\t\t\t<div class=\"elementor-text-editor elementor-clearfix\"><h3><strong>Zestaw \u201c100 verbos de un nivel un poco m\u00e1s avanzado\u201d<\/strong> zawiera bardzo r\u00f3\u017cne czasowniki (np. desbancar, cuadrar, arrancar, delatar y chillar), <strong>to m\u00f3j subiektywny wyb\u00f3r<\/strong>. \u0141\u0105czy je jedno: w mojej opinii warto zna\u0107 je wszystkie, je\u015bli chcemy z poziomu \u015bredniozaawansowanego przej\u015b\u0107 na zaawansowany \ud83d\ude09<\/h3>\n<\/div>\n\t\t\t\t<\/div>\n\t\t\t\t<\/div>\n\t\t\t\t\t\t<\/div>\n\t\t\t\t\t<\/div>\n\t\t<\/div>\n\t\t\t\t\t\t\t\t<\/div>\n\t\t\t\t\t<\/div>\n\t\t<\/section>\n\t\t\t\t<section class=\"elementor-section elementor-top-section elementor-element elementor-element-c1cbb4f elementor-section-boxed elementor-section-height-default elementor-section-height-default\" data-id=\"c1cbb4f\" data-element_type=\"section\">\n\t\t\t\t\t\t<div class=\"elementor-container elementor-column-gap-default\">\n\t\t\t\t\t\t\t<div class=\"elementor-row\">\n\t\t\t\t\t<div class=\"elementor-column elementor-col-50 elementor-top-column elementor-element elementor-element-d1b6043\" data-id=\"d1b6043\" data-element_type=\"column\">\n\t\t\t<div class=\"elementor-column-wrap elementor-element-populated\">\n\t\t\t\t\t\t\t<div class=\"elementor-widget-wrap\">\n\t\t\t\t\t\t<div class=\"elementor-element elementor-element-ed4969f elementor-widget elementor-widget-image\" data-id=\"ed4969f\" data-element_type=\"widget\" data-widget_type=\"image.default\">\n\t\t\t\t<div class=\"elementor-widget-container\">\n\t\t\t\t\t<div class=\"elementor-image\">\n\t\t\t\t\t\t\t\t\t\t<img loading=\"lazy\" decoding=\"async\" width=\"1414\" height=\"2000\" src=\"https:\/\/vidasenespanol.com\/wp-content\/uploads\/2023\/09\/100-verbos1.png\" class=\"attachment-full size-full\" alt=\"\" srcset=\"https:\/\/vidasenespanol.com\/wp-content\/uploads\/2023\/09\/100-verbos1.png 1414w, https:\/\/vidasenespanol.com\/wp-content\/uploads\/2023\/09\/100-verbos1-212x300.png 212w, https:\/\/vidasenespanol.com\/wp-content\/uploads\/2023\/09\/100-verbos1-724x1024.png 724w, https:\/\/vidasenespanol.com\/wp-content\/uploads\/2023\/09\/100-verbos1-768x1086.png 768w, https:\/\/vidasenespanol.com\/wp-content\/uploads\/2023\/09\/100-verbos1-1086x1536.png 1086w, https:\/\/vidasenespanol.com\/wp-content\/uploads\/2023\/09\/100-verbos1-360x509.png 360w, https:\/\/vidasenespanol.com\/wp-content\/uploads\/2023\/09\/100-verbos1-600x849.png 600w\" sizes=\"(max-width: 1414px) 100vw, 1414px\" \/>\t\t\t\t\t\t\t\t\t\t\t<\/div>\n\t\t\t\t<\/div>\n\t\t\t\t<\/div>\n\t\t\t\t\t\t<\/div>\n\t\t\t\t\t<\/div>\n\t\t<\/div>\n\t\t\t\t<div class=\"elementor-column elementor-col-50 elementor-top-column elementor-element elementor-element-768f5c9\" data-id=\"768f5c9\" data-element_type=\"column\">\n\t\t\t<div class=\"elementor-column-wrap elementor-element-populated\">\n\t\t\t\t\t\t\t<div class=\"elementor-widget-wrap\">\n\t\t\t\t\t\t<div class=\"elementor-element elementor-element-0a30492 elementor-widget elementor-widget-image\" data-id=\"0a30492\" data-element_type=\"widget\" data-widget_type=\"image.default\">\n\t\t\t\t<div class=\"elementor-widget-container\">\n\t\t\t\t\t<div class=\"elementor-image\">\n\t\t\t\t\t\t\t\t\t\t<img loading=\"lazy\" decoding=\"async\" width=\"1414\" height=\"2000\" src=\"https:\/\/vidasenespanol.com\/wp-content\/uploads\/2023\/09\/100-verbos2.png\" class=\"attachment-full size-full\" alt=\"\" srcset=\"https:\/\/vidasenespanol.com\/wp-content\/uploads\/2023\/09\/100-verbos2.png 1414w, https:\/\/vidasenespanol.com\/wp-content\/uploads\/2023\/09\/100-verbos2-212x300.png 212w, https:\/\/vidasenespanol.com\/wp-content\/uploads\/2023\/09\/100-verbos2-724x1024.png 724w, https:\/\/vidasenespanol.com\/wp-content\/uploads\/2023\/09\/100-verbos2-768x1086.png 768w, https:\/\/vidasenespanol.com\/wp-content\/uploads\/2023\/09\/100-verbos2-1086x1536.png 1086w, https:\/\/vidasenespanol.com\/wp-content\/uploads\/2023\/09\/100-verbos2-360x509.png 360w, https:\/\/vidasenespanol.com\/wp-content\/uploads\/2023\/09\/100-verbos2-600x849.png 600w\" sizes=\"(max-width: 1414px) 100vw, 1414px\" \/>\t\t\t\t\t\t\t\t\t\t\t<\/div>\n\t\t\t\t<\/div>\n\t\t\t\t<\/div>\n\t\t\t\t\t\t<\/div>\n\t\t\t\t\t<\/div>\n\t\t<\/div>\n\t\t\t\t\t\t\t\t<\/div>\n\t\t\t\t\t<\/div>\n\t\t<\/section>\n\t\t\t\t<section class=\"elementor-section elementor-top-section elementor-element elementor-element-033e923 elementor-section-boxed elementor-section-height-default elementor-section-height-default\" data-id=\"033e923\" data-element_type=\"section\">\n\t\t\t\t\t\t<div class=\"elementor-container elementor-column-gap-default\">\n\t\t\t\t\t\t\t<div class=\"elementor-row\">\n\t\t\t\t\t<div class=\"elementor-column elementor-col-100 elementor-top-column elementor-element elementor-element-7b5f35e\" data-id=\"7b5f35e\" data-element_type=\"column\">\n\t\t\t<div class=\"elementor-column-wrap elementor-element-populated\">\n\t\t\t\t\t\t\t<div class=\"elementor-widget-wrap\">\n\t\t\t\t\t\t<div class=\"elementor-element elementor-element-92c20b1 elementor-widget elementor-widget-text-editor\" data-id=\"92c20b1\" data-element_type=\"widget\" data-widget_type=\"text-editor.default\">\n\t\t\t\t<div class=\"elementor-widget-container\">\n\t\t\t\t\t<div class=\"elementor-text-editor elementor-clearfix\"><\/div>\n\t\t\t\t<\/div>\n\t\t\t\t<\/div>\n\t\t\t\t<div class=\"elementor-element elementor-element-beb0ea5 elementor-widget elementor-widget-spacer\" data-id=\"beb0ea5\" data-element_type=\"widget\" data-widget_type=\"spacer.default\">\n\t\t\t\t<div class=\"elementor-widget-container\">\n\t\t\t\t\t<div class=\"elementor-spacer\">\n\t\t\t<div class=\"elementor-spacer-inner\"><\/div>\n\t\t<\/div>\n\t\t\t\t<\/div>\n\t\t\t\t<\/div>\n\t\t\t\t\t\t<\/div>\n\t\t\t\t\t<\/div>\n\t\t<\/div>\n\t\t\t\t\t\t\t\t<\/div>\n\t\t\t\t\t<\/div>\n\t\t<\/section>\n\t\t\t\t<section class=\"elementor-section elementor-top-section elementor-element elementor-element-40cb9647 elementor-section-stretched vidas-zapisz-baner elementor-section-boxed elementor-section-height-default elementor-section-height-default\" data-id=\"40cb9647\" data-element_type=\"section\" data-settings=\"{&quot;stretch_section&quot;:&quot;section-stretched&quot;}\">\n\t\t\t\t\t\t<div class=\"elementor-container elementor-column-gap-no\">\n\t\t\t\t\t\t\t<div class=\"elementor-row\">\n\t\t\t\t\t<div class=\"elementor-column elementor-col-100 elementor-top-column elementor-element elementor-element-5001b31b\" data-id=\"5001b31b\" data-element_type=\"column\">\n\t\t\t<div class=\"elementor-column-wrap elementor-element-populated\">\n\t\t\t\t\t\t\t<div class=\"elementor-widget-wrap\">\n\t\t\t\t\t\t<div class=\"elementor-element elementor-element-4dbecdb8 elementor-widget elementor-widget-image\" data-id=\"4dbecdb8\" data-element_type=\"widget\" data-widget_type=\"image.default\">\n\t\t\t\t<div class=\"elementor-widget-container\">\n\t\t\t\t\t<div class=\"elementor-image\">\n\t\t\t\t\t\t\t\t\t\t<img loading=\"lazy\" decoding=\"async\" width=\"1230\" height=\"468\" src=\"https:\/\/vidasenespanol.com\/wp-content\/uploads\/2023\/05\/32.png\" class=\"attachment-full size-full\" alt=\"\" srcset=\"https:\/\/vidasenespanol.com\/wp-content\/uploads\/2023\/05\/32.png 1230w, https:\/\/vidasenespanol.com\/wp-content\/uploads\/2023\/05\/32-300x114.png 300w, https:\/\/vidasenespanol.com\/wp-content\/uploads\/2023\/05\/32-1024x390.png 1024w, https:\/\/vidasenespanol.com\/wp-content\/uploads\/2023\/05\/32-768x292.png 768w, https:\/\/vidasenespanol.com\/wp-content\/uploads\/2023\/05\/32-360x137.png 360w, https:\/\/vidasenespanol.com\/wp-content\/uploads\/2023\/05\/32-600x228.png 600w\" sizes=\"(max-width: 1230px) 100vw, 1230px\" \/>\t\t\t\t\t\t\t\t\t\t\t<\/div>\n\t\t\t\t<\/div>\n\t\t\t\t<\/div>\n\t\t\t\t\t\t<\/div>\n\t\t\t\t\t<\/div>\n\t\t<\/div>\n\t\t\t\t\t\t\t\t<\/div>\n\t\t\t\t\t<\/div>\n\t\t<\/section>\n\t\t\t\t\t\t<\/div>\n\t\t\t\t\t\t<\/div>\n\t\t\t\t\t<\/div>\n\t\t<\/div><\/div>","protected":false},"excerpt":{"rendered":"<p>Brakuje Ci czasu na poszerzanie s\u0142ownictwa? Masz ju\u017c solidne podstawy (wiesz, jak zam\u00f3wi\u0107 paell\u0119 w hiszpa\u0144skim barze, czy zameldowa\u0107 si\u0119 w hotelu, bez problemu pytasz Hiszpan\u00f3w o drog\u0119), ale pragniesz czego\u015b wi\u0119cej? Chcia\u0142(a)by\u015b czyta\u0107 hiszpa\u0144skie powie\u015bci lub gazety? W takim razie nie mog\u0142e\u015b\/a\u015b trafi\u0107 lepiej: te fiszki zmieszcz\u0105 si\u0119 w kieszeni, mo\u017cesz cz\u0119sto rzuca\u0107 na [&hellip;]<\/p>\n","protected":false},"featured_media":7791,"template":"","meta":{"episode_type":"","audio_file":"","cover_image":"","cover_image_id":"","duration":"","filesize":"","date_recorded":"","explicit":"","block":"","filesize_raw":""},"product_cat":[41],"product_tag":[],"class_list":{"0":"post-8990","1":"product","2":"type-product","3":"status-publish","4":"has-post-thumbnail","6":"product_cat-bez-kategorii","8":"first","9":"instock","10":"downloadable","11":"virtual","12":"sold-individually","13":"taxable","14":"purchasable","15":"product-type-simple"},"_links":{"self":[{"href":"https:\/\/vidasenespanol.com\/pl\/wp-json\/wp\/v2\/product\/8990"}],"collection":[{"href":"https:\/\/vidasenespanol.com\/pl\/wp-json\/wp\/v2\/product"}],"about":[{"href":"https:\/\/vidasenespanol.com\/pl\/wp-json\/wp\/v2\/types\/product"}],"version-history":[{"count":19,"href":"https:\/\/vidasenespanol.com\/pl\/wp-json\/wp\/v2\/product\/8990\/revisions"}],"predecessor-version":[{"id":11983,"href":"https:\/\/vidasenespanol.com\/pl\/wp-json\/wp\/v2\/product\/8990\/revisions\/11983"}],"wp:featuredmedia":[{"embeddable":true,"href":"https:\/\/vidasenespanol.com\/pl\/wp-json\/wp\/v2\/media\/7791"}],"wp:attachment":[{"href":"https:\/\/vidasenespanol.com\/pl\/wp-json\/wp\/v2\/media?parent=8990"}],"wp:term":[{"taxonomy":"product_cat","embeddable":true,"href":"https:\/\/vidasenespanol.com\/pl\/wp-json\/wp\/v2\/product_cat?post=8990"},{"taxonomy":"product_tag","embeddable":true,"href":"https:\/\/vidasenespanol.com\/pl\/wp-json\/wp\/v2\/product_tag?post=8990"}],"curies":[{"name":"wp","href":"https:\/\/api.w.org\/{rel}","templated":true}]}}