{"id":8992,"date":"2024-08-22T02:00:55","date_gmt":"2024-08-22T00:00:55","guid":{"rendered":"https:\/\/vidasenespanol.com\/produkt\/una-clase-de-espanol-estupenda-3\/"},"modified":"2025-12-03T12:52:41","modified_gmt":"2025-12-03T11:52:41","slug":"una-clase-de-espanol-estupenda-3","status":"publish","type":"product","link":"https:\/\/vidasenespanol.com\/pl\/produkt\/una-clase-de-espanol-estupenda-3\/","title":{"rendered":"Una clase de espa\u00f1ol (estupenda) 3"},"content":{"rendered":"<div id=\"dslc-theme-content\"><div id=\"dslc-theme-content-inner\">\t\t<div data-elementor-type=\"product-post\" data-elementor-id=\"8992\" class=\"elementor elementor-8992 elementor-8727\" data-elementor-settings=\"[]\">\n\t\t\t\t\t\t<div class=\"elementor-inner\">\n\t\t\t\t\t\t\t<div class=\"elementor-section-wrap\">\n\t\t\t\t\t\t\t<section class=\"elementor-section elementor-top-section elementor-element elementor-element-70b7735f elementor-section-boxed elementor-section-height-default elementor-section-height-default\" data-id=\"70b7735f\" data-element_type=\"section\">\n\t\t\t\t\t\t<div class=\"elementor-container elementor-column-gap-default\">\n\t\t\t\t\t\t\t<div class=\"elementor-row\">\n\t\t\t\t\t<div class=\"elementor-column elementor-col-100 elementor-top-column elementor-element elementor-element-5570433\" data-id=\"5570433\" data-element_type=\"column\">\n\t\t\t<div class=\"elementor-column-wrap elementor-element-populated\">\n\t\t\t\t\t\t\t<div class=\"elementor-widget-wrap\">\n\t\t\t\t\t\t<div class=\"elementor-element elementor-element-69d2dfb elementor-widget elementor-widget-text-editor\" data-id=\"69d2dfb\" data-element_type=\"widget\" data-widget_type=\"text-editor.default\">\n\t\t\t\t<div class=\"elementor-widget-container\">\n\t\t\t\t\t<div class=\"elementor-text-editor elementor-clearfix\"><h2>Dzi\u0119ki tej (wspania\u0142ej :P) lekcji hiszpa\u0144skiego po\u0107wiczysz <strong>rozumienie tekstu czytanego i rozumienie ze s\u0142uchu, <\/strong>poznasz <strong>nowe hiszpa\u0144skie s\u0142ownictwo oraz cztery konstrukcje gramatyczne z bezokolicznikiem (z nieco bardziej zaawansowanego poziomu) \ud83d\ude00<br \/><\/strong><\/h2><\/div>\n\t\t\t\t<\/div>\n\t\t\t\t<\/div>\n\t\t\t\t\t\t<\/div>\n\t\t\t\t\t<\/div>\n\t\t<\/div>\n\t\t\t\t\t\t\t\t<\/div>\n\t\t\t\t\t<\/div>\n\t\t<\/section>\n\t\t\t\t<section class=\"elementor-section elementor-top-section elementor-element elementor-element-215b32c6 elementor-section-boxed elementor-section-height-default elementor-section-height-default\" data-id=\"215b32c6\" data-element_type=\"section\">\n\t\t\t\t\t\t<div class=\"elementor-container elementor-column-gap-no\">\n\t\t\t\t\t\t\t<div class=\"elementor-row\">\n\t\t\t\t\t<div class=\"elementor-column elementor-col-50 elementor-top-column elementor-element elementor-element-66de228\" data-id=\"66de228\" data-element_type=\"column\">\n\t\t\t<div class=\"elementor-column-wrap elementor-element-populated\">\n\t\t\t\t\t\t\t<div class=\"elementor-widget-wrap\">\n\t\t\t\t\t\t<div class=\"elementor-element elementor-element-6226c29c elementor-widget elementor-widget-image\" data-id=\"6226c29c\" data-element_type=\"widget\" data-widget_type=\"image.default\">\n\t\t\t\t<div class=\"elementor-widget-container\">\n\t\t\t\t\t<div class=\"elementor-image\">\n\t\t\t\t\t\t\t\t\t\t<img loading=\"lazy\" decoding=\"async\" width=\"1414\" height=\"2000\" src=\"https:\/\/vidasenespanol.com\/wp-content\/uploads\/2024\/08\/Turismo-okladka.png\" class=\"attachment-full size-full\" alt=\"\" srcset=\"https:\/\/vidasenespanol.com\/wp-content\/uploads\/2024\/08\/Turismo-okladka.png 1414w, https:\/\/vidasenespanol.com\/wp-content\/uploads\/2024\/08\/Turismo-okladka-212x300.png 212w, https:\/\/vidasenespanol.com\/wp-content\/uploads\/2024\/08\/Turismo-okladka-724x1024.png 724w, https:\/\/vidasenespanol.com\/wp-content\/uploads\/2024\/08\/Turismo-okladka-768x1086.png 768w, https:\/\/vidasenespanol.com\/wp-content\/uploads\/2024\/08\/Turismo-okladka-1086x1536.png 1086w, https:\/\/vidasenespanol.com\/wp-content\/uploads\/2024\/08\/Turismo-okladka-360x509.png 360w, https:\/\/vidasenespanol.com\/wp-content\/uploads\/2024\/08\/Turismo-okladka-600x849.png 600w\" sizes=\"(max-width: 1414px) 100vw, 1414px\" \/>\t\t\t\t\t\t\t\t\t\t\t<\/div>\n\t\t\t\t<\/div>\n\t\t\t\t<\/div>\n\t\t\t\t<div class=\"elementor-element elementor-element-6379c8a4 elementor-widget elementor-widget-text-editor\" data-id=\"6379c8a4\" data-element_type=\"widget\" data-widget_type=\"text-editor.default\">\n\t\t\t\t<div class=\"elementor-widget-container\">\n\t\t\t\t\t<div class=\"elementor-text-editor elementor-clearfix\"><h4>\u201cUna clase de espa\u00f1ol (estupenda :P) 3\u201d jest dost\u0119pna w cenie <strong>47,25 z\u0142<\/strong>.<\/h4><h4><strong>\u00a0<\/strong><\/h4><h4>Poni\u017cej znajdziesz kilka przyk\u0142adowych stron z lekcji (dost\u0119pnej w formacie PDF).<\/h4><\/div>\n\t\t\t\t<\/div>\n\t\t\t\t<\/div>\n\t\t\t\t\t\t<\/div>\n\t\t\t\t\t<\/div>\n\t\t<\/div>\n\t\t\t\t<div class=\"elementor-column elementor-col-50 elementor-top-column elementor-element elementor-element-9957141\" data-id=\"9957141\" data-element_type=\"column\">\n\t\t\t<div class=\"elementor-column-wrap elementor-element-populated\">\n\t\t\t\t\t\t\t<div class=\"elementor-widget-wrap\">\n\t\t\t\t\t\t<div class=\"elementor-element elementor-element-6e64fbe elementor-widget elementor-widget-text-editor\" data-id=\"6e64fbe\" data-element_type=\"widget\" data-widget_type=\"text-editor.default\">\n\t\t\t\t<div class=\"elementor-widget-container\">\n\t\t\t\t\t<div class=\"elementor-text-editor elementor-clearfix\"><h3 style=\"text-align: center; margin-bottom: 15px;\"><span style=\"text-decoration: underline;\"><strong>Co zawiera ta lekcja?<\/strong><\/span><\/h3><h4>&#8211; <strong>tekst <\/strong>zwi\u0105zany z budz\u0105cym wiele kontrowersji w Hiszpanii (i poza jej granicami) tematem: <strong>turystyk\u0105 masow\u0105<\/strong>. Pracuj\u0105c z tym materia\u0142em mo\u017cesz <strong>poczyta\u0107<\/strong> o problemach z jakimi na co dzie\u0144 mierz\u0105 si\u0119 mieszka\u0144cy takich miejsc na mapie Hiszpanii jak Barcelona czy Wyspy Kanaryjskie, <strong>pos\u0142ucha\u0107<\/strong> wypowiedzi o propozycjach ich rozwi\u0105zania, a dzi\u0119ki sekcji z komentarzami <strong>pozna\u0107<\/strong> perspektyw\u0119 samych Hiszpan\u00f3w (a przy okazji znacznie pog\u0142\u0119bi\u0107 znajomo\u015b\u0107 j\u0119zyka hiszpa\u0144skiego:)).<strong><br \/><\/strong><\/h4><h4>&#8211; <strong>16 r\u00f3\u017cnorodnych \u0107wicze\u0144 <\/strong>sprawdzaj\u0105cych rozumienie tekstu czytanego oraz wspomagaj\u0105cych utrwalanie nowego hiszpa\u0144skiego s\u0142ownictwa (<strong>+ 2 \u0107wiczenia na rozumienie ze s\u0142uchu<\/strong>)<\/h4><h4><strong>&#8211; ponad 40 przydatnych wyra\u017ce\u0144<\/strong> (w tym hiszpa\u0144skie kolokwializmy)<\/h4><h4><strong>&#8211; wyja\u015bnienie i przyk\u0142ady u\u017cycia (+ \u0107wiczenia) konstrukcji gramatycznych <\/strong>z bezokolicznikiem z nieco bardziej zaawansowanego poziomu (jedna z nich to <strong>nada m\u00e1s + infinitivo<\/strong>)<\/h4><h4><strong>&#8211; <\/strong><strong>pytania dla nauczycieli,<\/strong> kt\u00f3re mo\u017cna wykorzysta\u0107 na lekcjach do pobudzenia konwersacji<\/h4><h4>&#8211; lista przydatnego hiszpa\u0144skiego s\u0142ownictwa z ca\u0142ej lekcji<\/h4><\/div>\n\t\t\t\t<\/div>\n\t\t\t\t<\/div>\n\t\t\t\t<div class=\"elementor-element elementor-element-7173f8a2 elementor-align-center elementor-widget elementor-widget-wc-add-to-cart\" data-id=\"7173f8a2\" data-element_type=\"widget\" data-widget_type=\"wc-add-to-cart.default\">\n\t\t\t\t<div class=\"elementor-widget-container\">\n\t\t\t\n\t\n\t<form class=\"cart\" action=\"https:\/\/vidasenespanol.com\/pl\/produkt\/una-clase-de-espanol-estupenda-3\/\" method=\"post\" enctype='multipart\/form-data'>\n\t\t\n\t\t<div class=\"quantity\">\n\t\t<label class=\"screen-reader-text\" for=\"quantity_69df59330e58b\">ilo\u015b\u0107 Una clase de espa\u00f1ol (estupenda) 3<\/label>\n\t<input\n\t\ttype=\"hidden\"\n\t\t\t\tid=\"quantity_69df59330e58b\"\n\t\tclass=\"input-text qty text\"\n\t\tname=\"quantity\"\n\t\tvalue=\"1\"\n\t\taria-label=\"Ilo\u015b\u0107 produktu\"\n\t\tsize=\"4\"\n\t\tmin=\"1\"\n\t\tmax=\"1\"\n\t\t\t\t\tstep=\"1\"\n\t\t\tplaceholder=\"\"\n\t\t\tinputmode=\"numeric\"\n\t\t\tautocomplete=\"off\"\n\t\t\t\/>\n\t<\/div>\n\n\t\t<button type=\"submit\" name=\"add-to-cart\" value=\"8992\" class=\"single_add_to_cart_button elementor-button button alt\">\t\t<span class=\"elementor-button-content-wrapper\">\n\t\t\t\t\t\t<span class=\"elementor-button-icon elementor-align-icon-left\">\n\t\t\t\t<i aria-hidden=\"true\" class=\"fas fa-shopping-cart\"><\/i>\t\t\t<\/span>\n\t\t\t\t\t\t<span class=\"elementor-button-text\">Dodaj do koszyka<\/span>\n\t\t<\/span>\n\t\t<\/button>\n\n\t\t\t<\/form>\n\n\t\n\t\t<\/div>\n\t\t\t\t<\/div>\n\t\t\t\t\t\t<\/div>\n\t\t\t\t\t<\/div>\n\t\t<\/div>\n\t\t\t\t\t\t\t\t<\/div>\n\t\t\t\t\t<\/div>\n\t\t<\/section>\n\t\t\t\t<section class=\"elementor-section elementor-top-section elementor-element elementor-element-bea8bf7 elementor-section-boxed elementor-section-height-default elementor-section-height-default\" data-id=\"bea8bf7\" data-element_type=\"section\">\n\t\t\t\t\t\t<div class=\"elementor-container elementor-column-gap-default\">\n\t\t\t\t\t\t\t<div class=\"elementor-row\">\n\t\t\t\t\t<div class=\"elementor-column elementor-col-100 elementor-top-column elementor-element elementor-element-5453370\" data-id=\"5453370\" data-element_type=\"column\">\n\t\t\t<div class=\"elementor-column-wrap elementor-element-populated\">\n\t\t\t\t\t\t\t<div class=\"elementor-widget-wrap\">\n\t\t\t\t\t\t<div class=\"elementor-element elementor-element-6852dce elementor-widget elementor-widget-text-editor\" data-id=\"6852dce\" data-element_type=\"widget\" data-widget_type=\"text-editor.default\">\n\t\t\t\t<div class=\"elementor-widget-container\">\n\t\t\t\t\t<div class=\"elementor-text-editor elementor-clearfix\"><h3 style=\"text-align: center; margin-bottom: 15px;\"><span style=\"text-decoration: underline;\"><strong>Do kogo skierowana jest ta lekcja?<\/strong><\/span><\/h3><h4>T\u0119 obszern\u0105 lekcj\u0119 przygotowa\u0142am z my\u015bl\u0105 o dw\u00f3ch grupach os\u00f3b:<\/h4><h4><strong>&#8211; osobach ucz\u0105cych si\u0119 hiszpa\u0144skiego na poziomie \u015bredniozaawansowanym i zaawansowanym<\/strong>, kt\u00f3rym zale\u017cy na regularnym kontakcie z j\u0119zykiem pozwalaj\u0105cym jednocze\u015bnie na poszerzanie s\u0142ownictwa (i poznawanie hiszpa\u0144skich kolokwializm\u00f3w \ud83d\ude42<\/h4><h4><strong>&#8211; nauczycielach j\u0119zyka hiszpa\u0144skiego poszukuj\u0105cych atrakcyjnych materia\u0142\u00f3w<\/strong> (do tekstu przygotowa\u0142am pytania, kt\u00f3re nauczyciel mo\u017ce zada\u0107 podczas zaj\u0119\u0107, a r\u00f3\u017cnorodne \u0107wiczenia pozwol\u0105 na wprowadzenie mn\u00f3stwa nowych, przydatnych hiszpa\u0144skich wyra\u017ce\u0144 dla nieco bardziej zaawansowanych :))<\/h4><\/div>\n\t\t\t\t<\/div>\n\t\t\t\t<\/div>\n\t\t\t\t\t\t<\/div>\n\t\t\t\t\t<\/div>\n\t\t<\/div>\n\t\t\t\t\t\t\t\t<\/div>\n\t\t\t\t\t<\/div>\n\t\t<\/section>\n\t\t\t\t<section class=\"elementor-section elementor-top-section elementor-element elementor-element-53406513 elementor-section-boxed elementor-section-height-default elementor-section-height-default\" data-id=\"53406513\" data-element_type=\"section\">\n\t\t\t\t\t\t<div class=\"elementor-container elementor-column-gap-default\">\n\t\t\t\t\t\t\t<div class=\"elementor-row\">\n\t\t\t\t\t<div class=\"elementor-column elementor-col-50 elementor-top-column elementor-element elementor-element-764ce41b\" data-id=\"764ce41b\" data-element_type=\"column\">\n\t\t\t<div class=\"elementor-column-wrap elementor-element-populated\">\n\t\t\t\t\t\t\t<div class=\"elementor-widget-wrap\">\n\t\t\t\t\t\t<div class=\"elementor-element elementor-element-556687fc elementor-widget elementor-widget-image\" data-id=\"556687fc\" data-element_type=\"widget\" data-widget_type=\"image.default\">\n\t\t\t\t<div class=\"elementor-widget-container\">\n\t\t\t\t\t<div class=\"elementor-image\">\n\t\t\t\t\t\t\t\t\t\t<img loading=\"lazy\" decoding=\"async\" width=\"1414\" height=\"2000\" src=\"https:\/\/vidasenespanol.com\/wp-content\/uploads\/2024\/08\/5.png\" class=\"attachment-full size-full\" alt=\"\" srcset=\"https:\/\/vidasenespanol.com\/wp-content\/uploads\/2024\/08\/5.png 1414w, https:\/\/vidasenespanol.com\/wp-content\/uploads\/2024\/08\/5-212x300.png 212w, https:\/\/vidasenespanol.com\/wp-content\/uploads\/2024\/08\/5-724x1024.png 724w, https:\/\/vidasenespanol.com\/wp-content\/uploads\/2024\/08\/5-768x1086.png 768w, https:\/\/vidasenespanol.com\/wp-content\/uploads\/2024\/08\/5-1086x1536.png 1086w, https:\/\/vidasenespanol.com\/wp-content\/uploads\/2024\/08\/5-360x509.png 360w, https:\/\/vidasenespanol.com\/wp-content\/uploads\/2024\/08\/5-600x849.png 600w\" sizes=\"(max-width: 1414px) 100vw, 1414px\" \/>\t\t\t\t\t\t\t\t\t\t\t<\/div>\n\t\t\t\t<\/div>\n\t\t\t\t<\/div>\n\t\t\t\t\t\t<\/div>\n\t\t\t\t\t<\/div>\n\t\t<\/div>\n\t\t\t\t<div class=\"elementor-column elementor-col-50 elementor-top-column elementor-element elementor-element-14823d5a\" data-id=\"14823d5a\" data-element_type=\"column\">\n\t\t\t<div class=\"elementor-column-wrap elementor-element-populated\">\n\t\t\t\t\t\t\t<div class=\"elementor-widget-wrap\">\n\t\t\t\t\t\t<div class=\"elementor-element elementor-element-08be15e elementor-widget elementor-widget-image\" data-id=\"08be15e\" data-element_type=\"widget\" data-widget_type=\"image.default\">\n\t\t\t\t<div class=\"elementor-widget-container\">\n\t\t\t\t\t<div class=\"elementor-image\">\n\t\t\t\t\t\t\t\t\t\t<img loading=\"lazy\" decoding=\"async\" width=\"1414\" height=\"2000\" src=\"https:\/\/vidasenespanol.com\/wp-content\/uploads\/2024\/08\/11.png\" class=\"attachment-full size-full\" alt=\"\" srcset=\"https:\/\/vidasenespanol.com\/wp-content\/uploads\/2024\/08\/11.png 1414w, https:\/\/vidasenespanol.com\/wp-content\/uploads\/2024\/08\/11-212x300.png 212w, https:\/\/vidasenespanol.com\/wp-content\/uploads\/2024\/08\/11-724x1024.png 724w, https:\/\/vidasenespanol.com\/wp-content\/uploads\/2024\/08\/11-768x1086.png 768w, https:\/\/vidasenespanol.com\/wp-content\/uploads\/2024\/08\/11-1086x1536.png 1086w, https:\/\/vidasenespanol.com\/wp-content\/uploads\/2024\/08\/11-360x509.png 360w, https:\/\/vidasenespanol.com\/wp-content\/uploads\/2024\/08\/11-600x849.png 600w\" sizes=\"(max-width: 1414px) 100vw, 1414px\" \/>\t\t\t\t\t\t\t\t\t\t\t<\/div>\n\t\t\t\t<\/div>\n\t\t\t\t<\/div>\n\t\t\t\t\t\t<\/div>\n\t\t\t\t\t<\/div>\n\t\t<\/div>\n\t\t\t\t\t\t\t\t<\/div>\n\t\t\t\t\t<\/div>\n\t\t<\/section>\n\t\t\t\t<section class=\"elementor-section elementor-top-section elementor-element elementor-element-55cf91f elementor-section-boxed elementor-section-height-default elementor-section-height-default\" data-id=\"55cf91f\" data-element_type=\"section\">\n\t\t\t\t\t\t<div class=\"elementor-container elementor-column-gap-default\">\n\t\t\t\t\t\t\t<div class=\"elementor-row\">\n\t\t\t\t\t<div class=\"elementor-column elementor-col-100 elementor-top-column elementor-element elementor-element-d35112f\" data-id=\"d35112f\" data-element_type=\"column\">\n\t\t\t<div class=\"elementor-column-wrap elementor-element-populated\">\n\t\t\t\t\t\t\t<div class=\"elementor-widget-wrap\">\n\t\t\t\t\t\t<div class=\"elementor-element elementor-element-f09d42e elementor-widget elementor-widget-text-editor\" data-id=\"f09d42e\" data-element_type=\"widget\" data-widget_type=\"text-editor.default\">\n\t\t\t\t<div class=\"elementor-widget-container\">\n\t\t\t\t\t<div class=\"elementor-text-editor elementor-clearfix\"><h3>Chcesz dowiedzie\u0107 si\u0119 co znaczy <strong>\u201ccomerse el marr\u00f3n\u201d<\/strong>, <strong>\u201cestar petado\u201d<\/strong> czy <strong>\u201chacer oi\u0301dos sordos\u201d<\/strong>? Dzi\u0119ki tej lekcji poszerzysz swoje s\u0142ownictwo o te i inne przydatne wyra\u017cenia u\u017cywane na co dzie\u0144 przez Hiszpan\u00f3w \ud83d\ude42<\/h3><\/div>\n\t\t\t\t<\/div>\n\t\t\t\t<\/div>\n\t\t\t\t\t\t<\/div>\n\t\t\t\t\t<\/div>\n\t\t<\/div>\n\t\t\t\t\t\t\t\t<\/div>\n\t\t\t\t\t<\/div>\n\t\t<\/section>\n\t\t\t\t<section class=\"elementor-section elementor-top-section elementor-element elementor-element-c1cbb4f elementor-section-boxed elementor-section-height-default elementor-section-height-default\" data-id=\"c1cbb4f\" data-element_type=\"section\">\n\t\t\t\t\t\t<div class=\"elementor-container elementor-column-gap-default\">\n\t\t\t\t\t\t\t<div class=\"elementor-row\">\n\t\t\t\t\t<div class=\"elementor-column elementor-col-50 elementor-top-column elementor-element elementor-element-d1b6043\" data-id=\"d1b6043\" data-element_type=\"column\">\n\t\t\t<div class=\"elementor-column-wrap elementor-element-populated\">\n\t\t\t\t\t\t\t<div class=\"elementor-widget-wrap\">\n\t\t\t\t\t\t<div class=\"elementor-element elementor-element-ed4969f elementor-widget elementor-widget-image\" data-id=\"ed4969f\" data-element_type=\"widget\" data-widget_type=\"image.default\">\n\t\t\t\t<div class=\"elementor-widget-container\">\n\t\t\t\t\t<div class=\"elementor-image\">\n\t\t\t\t\t\t\t\t\t\t<img loading=\"lazy\" decoding=\"async\" width=\"1414\" height=\"2000\" src=\"https:\/\/vidasenespanol.com\/wp-content\/uploads\/2024\/08\/14.png\" class=\"attachment-full size-full\" alt=\"\" srcset=\"https:\/\/vidasenespanol.com\/wp-content\/uploads\/2024\/08\/14.png 1414w, https:\/\/vidasenespanol.com\/wp-content\/uploads\/2024\/08\/14-212x300.png 212w, https:\/\/vidasenespanol.com\/wp-content\/uploads\/2024\/08\/14-724x1024.png 724w, https:\/\/vidasenespanol.com\/wp-content\/uploads\/2024\/08\/14-768x1086.png 768w, https:\/\/vidasenespanol.com\/wp-content\/uploads\/2024\/08\/14-1086x1536.png 1086w, https:\/\/vidasenespanol.com\/wp-content\/uploads\/2024\/08\/14-360x509.png 360w, https:\/\/vidasenespanol.com\/wp-content\/uploads\/2024\/08\/14-600x849.png 600w\" sizes=\"(max-width: 1414px) 100vw, 1414px\" \/>\t\t\t\t\t\t\t\t\t\t\t<\/div>\n\t\t\t\t<\/div>\n\t\t\t\t<\/div>\n\t\t\t\t\t\t<\/div>\n\t\t\t\t\t<\/div>\n\t\t<\/div>\n\t\t\t\t<div class=\"elementor-column elementor-col-50 elementor-top-column elementor-element elementor-element-768f5c9\" data-id=\"768f5c9\" data-element_type=\"column\">\n\t\t\t<div class=\"elementor-column-wrap elementor-element-populated\">\n\t\t\t\t\t\t\t<div class=\"elementor-widget-wrap\">\n\t\t\t\t\t\t<div class=\"elementor-element elementor-element-0a30492 elementor-widget elementor-widget-image\" data-id=\"0a30492\" data-element_type=\"widget\" data-widget_type=\"image.default\">\n\t\t\t\t<div class=\"elementor-widget-container\">\n\t\t\t\t\t<div class=\"elementor-image\">\n\t\t\t\t\t\t\t\t\t\t<img loading=\"lazy\" decoding=\"async\" width=\"1414\" height=\"2000\" src=\"https:\/\/vidasenespanol.com\/wp-content\/uploads\/2024\/08\/26.png\" class=\"attachment-full size-full\" alt=\"\" srcset=\"https:\/\/vidasenespanol.com\/wp-content\/uploads\/2024\/08\/26.png 1414w, https:\/\/vidasenespanol.com\/wp-content\/uploads\/2024\/08\/26-212x300.png 212w, https:\/\/vidasenespanol.com\/wp-content\/uploads\/2024\/08\/26-724x1024.png 724w, https:\/\/vidasenespanol.com\/wp-content\/uploads\/2024\/08\/26-768x1086.png 768w, https:\/\/vidasenespanol.com\/wp-content\/uploads\/2024\/08\/26-1086x1536.png 1086w, https:\/\/vidasenespanol.com\/wp-content\/uploads\/2024\/08\/26-360x509.png 360w, https:\/\/vidasenespanol.com\/wp-content\/uploads\/2024\/08\/26-600x849.png 600w\" sizes=\"(max-width: 1414px) 100vw, 1414px\" \/>\t\t\t\t\t\t\t\t\t\t\t<\/div>\n\t\t\t\t<\/div>\n\t\t\t\t<\/div>\n\t\t\t\t\t\t<\/div>\n\t\t\t\t\t<\/div>\n\t\t<\/div>\n\t\t\t\t\t\t\t\t<\/div>\n\t\t\t\t\t<\/div>\n\t\t<\/section>\n\t\t\t\t<section class=\"elementor-section elementor-top-section elementor-element elementor-element-e8475ce elementor-section-boxed elementor-section-height-default elementor-section-height-default\" data-id=\"e8475ce\" data-element_type=\"section\">\n\t\t\t\t\t\t<div class=\"elementor-container elementor-column-gap-default\">\n\t\t\t\t\t\t\t<div class=\"elementor-row\">\n\t\t\t\t\t<div class=\"elementor-column elementor-col-100 elementor-top-column elementor-element elementor-element-0d301bb\" data-id=\"0d301bb\" data-element_type=\"column\">\n\t\t\t<div class=\"elementor-column-wrap\">\n\t\t\t\t\t\t\t<div class=\"elementor-widget-wrap\">\n\t\t\t\t\t\t\t\t<\/div>\n\t\t\t\t\t<\/div>\n\t\t<\/div>\n\t\t\t\t\t\t\t\t<\/div>\n\t\t\t\t\t<\/div>\n\t\t<\/section>\n\t\t\t\t<section class=\"elementor-section elementor-top-section elementor-element elementor-element-98b5f3c elementor-section-boxed elementor-section-height-default elementor-section-height-default\" data-id=\"98b5f3c\" data-element_type=\"section\">\n\t\t\t\t\t\t<div class=\"elementor-container elementor-column-gap-default\">\n\t\t\t\t\t\t\t<div class=\"elementor-row\">\n\t\t\t\t\t<div class=\"elementor-column elementor-col-100 elementor-top-column elementor-element elementor-element-ae3e090\" data-id=\"ae3e090\" data-element_type=\"column\">\n\t\t\t<div class=\"elementor-column-wrap elementor-element-populated\">\n\t\t\t\t\t\t\t<div class=\"elementor-widget-wrap\">\n\t\t\t\t\t\t<div class=\"elementor-element elementor-element-cd707dd elementor-align-center elementor-widget elementor-widget-wc-add-to-cart\" data-id=\"cd707dd\" data-element_type=\"widget\" data-widget_type=\"wc-add-to-cart.default\">\n\t\t\t\t<div class=\"elementor-widget-container\">\n\t\t\t\n\t\n\t<form class=\"cart\" action=\"https:\/\/vidasenespanol.com\/pl\/produkt\/una-clase-de-espanol-estupenda-3\/\" method=\"post\" enctype='multipart\/form-data'>\n\t\t\n\t\t<div class=\"quantity\">\n\t\t<label class=\"screen-reader-text\" for=\"quantity_69df5933220d2\">ilo\u015b\u0107 Una clase de espa\u00f1ol (estupenda) 3<\/label>\n\t<input\n\t\ttype=\"hidden\"\n\t\t\t\tid=\"quantity_69df5933220d2\"\n\t\tclass=\"input-text qty text\"\n\t\tname=\"quantity\"\n\t\tvalue=\"1\"\n\t\taria-label=\"Ilo\u015b\u0107 produktu\"\n\t\tsize=\"4\"\n\t\tmin=\"1\"\n\t\tmax=\"1\"\n\t\t\t\t\tstep=\"1\"\n\t\t\tplaceholder=\"\"\n\t\t\tinputmode=\"numeric\"\n\t\t\tautocomplete=\"off\"\n\t\t\t\/>\n\t<\/div>\n\n\t\t<button type=\"submit\" name=\"add-to-cart\" value=\"8992\" class=\"single_add_to_cart_button elementor-button button alt\">\t\t<span class=\"elementor-button-content-wrapper\">\n\t\t\t\t\t\t<span class=\"elementor-button-icon elementor-align-icon-left\">\n\t\t\t\t<i aria-hidden=\"true\" class=\"fas fa-shopping-cart\"><\/i>\t\t\t<\/span>\n\t\t\t\t\t\t<span class=\"elementor-button-text\">Dodaj do koszyka<\/span>\n\t\t<\/span>\n\t\t<\/button>\n\n\t\t\t<\/form>\n\n\t\n\t\t<\/div>\n\t\t\t\t<\/div>\n\t\t\t\t\t\t<\/div>\n\t\t\t\t\t<\/div>\n\t\t<\/div>\n\t\t\t\t\t\t\t\t<\/div>\n\t\t\t\t\t<\/div>\n\t\t<\/section>\n\t\t\t\t<section class=\"elementor-section elementor-top-section elementor-element elementor-element-1055e3a elementor-section-boxed elementor-section-height-default elementor-section-height-default\" data-id=\"1055e3a\" data-element_type=\"section\">\n\t\t\t\t\t\t<div class=\"elementor-container elementor-column-gap-default\">\n\t\t\t\t\t\t\t<div class=\"elementor-row\">\n\t\t\t\t\t<div class=\"elementor-column elementor-col-100 elementor-top-column elementor-element elementor-element-9e89252\" data-id=\"9e89252\" data-element_type=\"column\">\n\t\t\t<div class=\"elementor-column-wrap\">\n\t\t\t\t\t\t\t<div class=\"elementor-widget-wrap\">\n\t\t\t\t\t\t\t\t<\/div>\n\t\t\t\t\t<\/div>\n\t\t<\/div>\n\t\t\t\t\t\t\t\t<\/div>\n\t\t\t\t\t<\/div>\n\t\t<\/section>\n\t\t\t\t<section class=\"elementor-section elementor-top-section elementor-element elementor-element-40cb9647 elementor-section-stretched vidas-zapisz-baner elementor-section-boxed elementor-section-height-default elementor-section-height-default\" data-id=\"40cb9647\" data-element_type=\"section\" data-settings=\"{&quot;stretch_section&quot;:&quot;section-stretched&quot;}\">\n\t\t\t\t\t\t<div class=\"elementor-container elementor-column-gap-no\">\n\t\t\t\t\t\t\t<div class=\"elementor-row\">\n\t\t\t\t\t<div class=\"elementor-column elementor-col-100 elementor-top-column elementor-element elementor-element-5001b31b\" data-id=\"5001b31b\" data-element_type=\"column\">\n\t\t\t<div class=\"elementor-column-wrap elementor-element-populated\">\n\t\t\t\t\t\t\t<div class=\"elementor-widget-wrap\">\n\t\t\t\t\t\t<div class=\"elementor-element elementor-element-4dbecdb8 elementor-widget elementor-widget-image\" data-id=\"4dbecdb8\" data-element_type=\"widget\" data-widget_type=\"image.default\">\n\t\t\t\t<div class=\"elementor-widget-container\">\n\t\t\t\t\t<div class=\"elementor-image\">\n\t\t\t\t\t\t\t\t\t\t<img loading=\"lazy\" decoding=\"async\" width=\"1230\" height=\"468\" src=\"https:\/\/vidasenespanol.com\/wp-content\/uploads\/2023\/05\/32.png\" class=\"attachment-full size-full\" alt=\"\" srcset=\"https:\/\/vidasenespanol.com\/wp-content\/uploads\/2023\/05\/32.png 1230w, https:\/\/vidasenespanol.com\/wp-content\/uploads\/2023\/05\/32-300x114.png 300w, https:\/\/vidasenespanol.com\/wp-content\/uploads\/2023\/05\/32-1024x390.png 1024w, https:\/\/vidasenespanol.com\/wp-content\/uploads\/2023\/05\/32-768x292.png 768w, https:\/\/vidasenespanol.com\/wp-content\/uploads\/2023\/05\/32-360x137.png 360w, https:\/\/vidasenespanol.com\/wp-content\/uploads\/2023\/05\/32-600x228.png 600w\" sizes=\"(max-width: 1230px) 100vw, 1230px\" \/>\t\t\t\t\t\t\t\t\t\t\t<\/div>\n\t\t\t\t<\/div>\n\t\t\t\t<\/div>\n\t\t\t\t\t\t<\/div>\n\t\t\t\t\t<\/div>\n\t\t<\/div>\n\t\t\t\t\t\t\t\t<\/div>\n\t\t\t\t\t<\/div>\n\t\t<\/section>\n\t\t\t\t\t\t<\/div>\n\t\t\t\t\t\t<\/div>\n\t\t\t\t\t<\/div>\n\t\t<\/div><\/div>","protected":false},"excerpt":{"rendered":"<p>Dzi\u0119ki tej (wspania\u0142ej :P) lekcji hiszpa\u0144skiego po\u0107wiczysz rozumienie tekstu czytanego i rozumienie ze s\u0142uchu, poznasz nowe hiszpa\u0144skie s\u0142ownictwo oraz cztery konstrukcje gramatyczne z bezokolicznikiem (z nieco bardziej zaawansowanego poziomu) \ud83d\ude00 \u201cUna clase de espa\u00f1ol (estupenda :P) 3\u201d jest dost\u0119pna w cenie 47,25 z\u0142. \u00a0 Poni\u017cej znajdziesz kilka przyk\u0142adowych stron z lekcji (dost\u0119pnej w formacie PDF). [&hellip;]<\/p>\n","protected":false},"featured_media":8718,"template":"","meta":{"episode_type":"","audio_file":"","cover_image":"","cover_image_id":"","duration":"","filesize":"","date_recorded":"","explicit":"","block":"","filesize_raw":""},"product_cat":[41],"product_tag":[],"class_list":{"0":"post-8992","1":"product","2":"type-product","3":"status-publish","4":"has-post-thumbnail","6":"product_cat-bez-kategorii","8":"first","9":"instock","10":"downloadable","11":"virtual","12":"sold-individually","13":"taxable","14":"purchasable","15":"product-type-simple"},"_links":{"self":[{"href":"https:\/\/vidasenespanol.com\/pl\/wp-json\/wp\/v2\/product\/8992"}],"collection":[{"href":"https:\/\/vidasenespanol.com\/pl\/wp-json\/wp\/v2\/product"}],"about":[{"href":"https:\/\/vidasenespanol.com\/pl\/wp-json\/wp\/v2\/types\/product"}],"version-history":[{"count":28,"href":"https:\/\/vidasenespanol.com\/pl\/wp-json\/wp\/v2\/product\/8992\/revisions"}],"predecessor-version":[{"id":11998,"href":"https:\/\/vidasenespanol.com\/pl\/wp-json\/wp\/v2\/product\/8992\/revisions\/11998"}],"wp:featuredmedia":[{"embeddable":true,"href":"https:\/\/vidasenespanol.com\/pl\/wp-json\/wp\/v2\/media\/8718"}],"wp:attachment":[{"href":"https:\/\/vidasenespanol.com\/pl\/wp-json\/wp\/v2\/media?parent=8992"}],"wp:term":[{"taxonomy":"product_cat","embeddable":true,"href":"https:\/\/vidasenespanol.com\/pl\/wp-json\/wp\/v2\/product_cat?post=8992"},{"taxonomy":"product_tag","embeddable":true,"href":"https:\/\/vidasenespanol.com\/pl\/wp-json\/wp\/v2\/product_tag?post=8992"}],"curies":[{"name":"wp","href":"https:\/\/api.w.org\/{rel}","templated":true}]}}