{"id":9014,"date":"2021-01-24T20:18:53","date_gmt":"2021-01-24T19:18:53","guid":{"rendered":"https:\/\/vidasenespanol.com\/produkt\/cabeza-llena-de-modismos\/"},"modified":"2025-12-03T12:47:19","modified_gmt":"2025-12-03T11:47:19","slug":"cabeza-llena-de-modismos","status":"publish","type":"product","link":"https:\/\/vidasenespanol.com\/pl\/produkt\/cabeza-llena-de-modismos\/","title":{"rendered":"Cabeza llena de modismos"},"content":{"rendered":"<div id=\"dslc-theme-content\"><div id=\"dslc-theme-content-inner\">\t\t<div data-elementor-type=\"product-post\" data-elementor-id=\"9014\" class=\"elementor elementor-9014 elementor-4839\" data-elementor-settings=\"[]\">\n\t\t\t\t\t\t<div class=\"elementor-inner\">\n\t\t\t\t\t\t\t<div class=\"elementor-section-wrap\">\n\t\t\t\t\t\t\t<section class=\"elementor-section elementor-top-section elementor-element elementor-element-70b7735f elementor-section-boxed elementor-section-height-default elementor-section-height-default\" data-id=\"70b7735f\" data-element_type=\"section\">\n\t\t\t\t\t\t<div class=\"elementor-container elementor-column-gap-default\">\n\t\t\t\t\t\t\t<div class=\"elementor-row\">\n\t\t\t\t\t<div class=\"elementor-column elementor-col-100 elementor-top-column elementor-element elementor-element-5570433\" data-id=\"5570433\" data-element_type=\"column\">\n\t\t\t<div class=\"elementor-column-wrap elementor-element-populated\">\n\t\t\t\t\t\t\t<div class=\"elementor-widget-wrap\">\n\t\t\t\t\t\t<div class=\"elementor-element elementor-element-69d2dfb elementor-widget elementor-widget-text-editor\" data-id=\"69d2dfb\" data-element_type=\"widget\" data-widget_type=\"text-editor.default\">\n\t\t\t\t<div class=\"elementor-widget-container\">\n\t\t\t\t\t<div class=\"elementor-text-editor elementor-clearfix\"><h4 style=\"text-align: center;\">Ebook (w formacie PDF) obejmuje list\u0119 <strong>100 hiszpa\u0144skich idiom\u00f3w<\/strong>\u00a0wraz z t\u0142umaczeniami <strong>+ 30 \u0107wicze\u0144<\/strong> -&gt; dzi\u0119ki nim poznasz i zapami\u0119tasz 100 popularnych idiom\u00f3w hiszpa\u0144skich, takich jak: <span style=\"text-decoration: underline;\">ir como la seda<\/span>, <span style=\"text-decoration: underline;\">quedarse en blanco<\/span> o <span style=\"text-decoration: underline;\">tirar la casa por la ventana<\/span> \ud83d\ude42 Oto przyk\u0142adowe \u0107wiczenia z ebooka:<\/h4><\/div>\n\t\t\t\t<\/div>\n\t\t\t\t<\/div>\n\t\t\t\t\t\t<\/div>\n\t\t\t\t\t<\/div>\n\t\t<\/div>\n\t\t\t\t\t\t\t\t<\/div>\n\t\t\t\t\t<\/div>\n\t\t<\/section>\n\t\t\t\t<section class=\"elementor-section elementor-top-section elementor-element elementor-element-215b32c6 elementor-section-boxed elementor-section-height-default elementor-section-height-default\" data-id=\"215b32c6\" data-element_type=\"section\">\n\t\t\t\t\t\t<div class=\"elementor-container elementor-column-gap-default\">\n\t\t\t\t\t\t\t<div class=\"elementor-row\">\n\t\t\t\t\t<div class=\"elementor-column elementor-col-50 elementor-top-column elementor-element elementor-element-66de228\" data-id=\"66de228\" data-element_type=\"column\">\n\t\t\t<div class=\"elementor-column-wrap elementor-element-populated\">\n\t\t\t\t\t\t\t<div class=\"elementor-widget-wrap\">\n\t\t\t\t\t\t<div class=\"elementor-element elementor-element-6226c29c elementor-widget elementor-widget-image\" data-id=\"6226c29c\" data-element_type=\"widget\" data-widget_type=\"image.default\">\n\t\t\t\t<div class=\"elementor-widget-container\">\n\t\t\t\t\t<div class=\"elementor-image\">\n\t\t\t\t\t\t\t\t\t\t<img loading=\"lazy\" decoding=\"async\" width=\"1240\" height=\"1754\" src=\"https:\/\/vidasenespanol.com\/wp-content\/uploads\/2019\/02\/ej-busco-pareja-ES.png\" class=\"attachment-full size-full\" alt=\"\" srcset=\"https:\/\/vidasenespanol.com\/wp-content\/uploads\/2019\/02\/ej-busco-pareja-ES.png 1240w, https:\/\/vidasenespanol.com\/wp-content\/uploads\/2019\/02\/ej-busco-pareja-ES-360x509.png 360w, https:\/\/vidasenespanol.com\/wp-content\/uploads\/2019\/02\/ej-busco-pareja-ES-600x849.png 600w, https:\/\/vidasenespanol.com\/wp-content\/uploads\/2019\/02\/ej-busco-pareja-ES-212x300.png 212w, https:\/\/vidasenespanol.com\/wp-content\/uploads\/2019\/02\/ej-busco-pareja-ES-768x1086.png 768w, https:\/\/vidasenespanol.com\/wp-content\/uploads\/2019\/02\/ej-busco-pareja-ES-724x1024.png 724w\" sizes=\"(max-width: 1240px) 100vw, 1240px\" \/>\t\t\t\t\t\t\t\t\t\t\t<\/div>\n\t\t\t\t<\/div>\n\t\t\t\t<\/div>\n\t\t\t\t\t\t<\/div>\n\t\t\t\t\t<\/div>\n\t\t<\/div>\n\t\t\t\t<div class=\"elementor-column elementor-col-50 elementor-top-column elementor-element elementor-element-9957141\" data-id=\"9957141\" data-element_type=\"column\">\n\t\t\t<div class=\"elementor-column-wrap elementor-element-populated\">\n\t\t\t\t\t\t\t<div class=\"elementor-widget-wrap\">\n\t\t\t\t\t\t<div class=\"elementor-element elementor-element-eb9bf6 elementor-widget elementor-widget-image\" data-id=\"eb9bf6\" data-element_type=\"widget\" data-widget_type=\"image.default\">\n\t\t\t\t<div class=\"elementor-widget-container\">\n\t\t\t\t\t<div class=\"elementor-image\">\n\t\t\t\t\t\t\t\t\t\t<img loading=\"lazy\" decoding=\"async\" width=\"1240\" height=\"1754\" src=\"https:\/\/vidasenespanol.com\/wp-content\/uploads\/2019\/02\/ej-busco-pareja2-ES.png\" class=\"attachment-full size-full\" alt=\"\" srcset=\"https:\/\/vidasenespanol.com\/wp-content\/uploads\/2019\/02\/ej-busco-pareja2-ES.png 1240w, https:\/\/vidasenespanol.com\/wp-content\/uploads\/2019\/02\/ej-busco-pareja2-ES-360x509.png 360w, https:\/\/vidasenespanol.com\/wp-content\/uploads\/2019\/02\/ej-busco-pareja2-ES-600x849.png 600w, https:\/\/vidasenespanol.com\/wp-content\/uploads\/2019\/02\/ej-busco-pareja2-ES-212x300.png 212w, https:\/\/vidasenespanol.com\/wp-content\/uploads\/2019\/02\/ej-busco-pareja2-ES-768x1086.png 768w, https:\/\/vidasenespanol.com\/wp-content\/uploads\/2019\/02\/ej-busco-pareja2-ES-724x1024.png 724w\" sizes=\"(max-width: 1240px) 100vw, 1240px\" \/>\t\t\t\t\t\t\t\t\t\t\t<\/div>\n\t\t\t\t<\/div>\n\t\t\t\t<\/div>\n\t\t\t\t\t\t<\/div>\n\t\t\t\t\t<\/div>\n\t\t<\/div>\n\t\t\t\t\t\t\t\t<\/div>\n\t\t\t\t\t<\/div>\n\t\t<\/section>\n\t\t\t\t<section class=\"elementor-section elementor-top-section elementor-element elementor-element-53406513 elementor-section-boxed elementor-section-height-default elementor-section-height-default\" data-id=\"53406513\" data-element_type=\"section\">\n\t\t\t\t\t\t<div class=\"elementor-container elementor-column-gap-default\">\n\t\t\t\t\t\t\t<div class=\"elementor-row\">\n\t\t\t\t\t<div class=\"elementor-column elementor-col-50 elementor-top-column elementor-element elementor-element-764ce41b\" data-id=\"764ce41b\" data-element_type=\"column\">\n\t\t\t<div class=\"elementor-column-wrap elementor-element-populated\">\n\t\t\t\t\t\t\t<div class=\"elementor-widget-wrap\">\n\t\t\t\t\t\t<div class=\"elementor-element elementor-element-556687fc elementor-widget elementor-widget-image\" data-id=\"556687fc\" data-element_type=\"widget\" data-widget_type=\"image.default\">\n\t\t\t\t<div class=\"elementor-widget-container\">\n\t\t\t\t\t<div class=\"elementor-image\">\n\t\t\t\t\t\t\t\t\t\t<img loading=\"lazy\" decoding=\"async\" width=\"1240\" height=\"1754\" src=\"https:\/\/vidasenespanol.com\/wp-content\/uploads\/2019\/02\/ej1-los-colores-ES.png\" class=\"attachment-full size-full\" alt=\"\" srcset=\"https:\/\/vidasenespanol.com\/wp-content\/uploads\/2019\/02\/ej1-los-colores-ES.png 1240w, https:\/\/vidasenespanol.com\/wp-content\/uploads\/2019\/02\/ej1-los-colores-ES-360x509.png 360w, https:\/\/vidasenespanol.com\/wp-content\/uploads\/2019\/02\/ej1-los-colores-ES-600x849.png 600w, https:\/\/vidasenespanol.com\/wp-content\/uploads\/2019\/02\/ej1-los-colores-ES-212x300.png 212w, https:\/\/vidasenespanol.com\/wp-content\/uploads\/2019\/02\/ej1-los-colores-ES-768x1086.png 768w, https:\/\/vidasenespanol.com\/wp-content\/uploads\/2019\/02\/ej1-los-colores-ES-724x1024.png 724w\" sizes=\"(max-width: 1240px) 100vw, 1240px\" \/>\t\t\t\t\t\t\t\t\t\t\t<\/div>\n\t\t\t\t<\/div>\n\t\t\t\t<\/div>\n\t\t\t\t\t\t<\/div>\n\t\t\t\t\t<\/div>\n\t\t<\/div>\n\t\t\t\t<div class=\"elementor-column elementor-col-50 elementor-top-column elementor-element elementor-element-14823d5a\" data-id=\"14823d5a\" data-element_type=\"column\">\n\t\t\t<div class=\"elementor-column-wrap elementor-element-populated\">\n\t\t\t\t\t\t\t<div class=\"elementor-widget-wrap\">\n\t\t\t\t\t\t<div class=\"elementor-element elementor-element-1392393 elementor-widget elementor-widget-text-editor\" data-id=\"1392393\" data-element_type=\"widget\" data-widget_type=\"text-editor.default\">\n\t\t\t\t<div class=\"elementor-widget-container\">\n\t\t\t\t\t<div class=\"elementor-text-editor elementor-clearfix\"><h3>\u0106wiczenia cechuje du\u017ca\u00a0<strong>r\u00f3\u017cnorodno\u015b\u0107<\/strong>, co wp\u0142ywa na\u00a0<strong>szybko\u015b\u0107<\/strong>\u00a0i\u00a0<strong>efektywno\u015b\u0107<\/strong>\u00a0nauki, a\u00a0<strong>atrakcyjna forma<\/strong> <strong>wizualna<\/strong>\u00a0wspomaga proces zapami\u0119tywania i utrwalania przydatnych &#8211; u\u017cywanych na co dzie\u0144 przez Hiszpan\u00f3w &#8211;\u00a0<strong>wyra\u017ce\u0144 idiomatycznych<\/strong>.<\/h3>\n<\/div>\n\t\t\t\t<\/div>\n\t\t\t\t<\/div>\n\t\t\t\t<div class=\"elementor-element elementor-element-e502b4b elementor-widget elementor-widget-text-editor\" data-id=\"e502b4b\" data-element_type=\"widget\" data-widget_type=\"text-editor.default\">\n\t\t\t\t<div class=\"elementor-widget-container\">\n\t\t\t\t\t<div class=\"elementor-text-editor elementor-clearfix\"><h3>-&gt; ka\u017cde wyra\u017cenie idiomatyczne pojawia si\u0119 w co najmniej\u00a0<u>3 \u0107wiczeniach<\/u>\u00a0\u2013 dlatego w czasie ich rozwi\u0105zywania idiomy same \u201cwejd\u0105 Ci do g\u0142owy\u201d i ju\u017c tam pozostan\u0105\u00a0\ud83d\ude42<\/h3><h1><strong>Cena ebooka &#8211; 13,65 z\u0142.<\/strong><\/h1><h2>\u00a0<\/h2><h2>Do\u0142\u0105cz do Pogromc\u00f3w Idiom\u00f3w &#8211; zam\u00f3w swojego ebooka ju\u017c dzi\u015b!<\/h2><\/div>\n\t\t\t\t<\/div>\n\t\t\t\t<\/div>\n\t\t\t\t<div class=\"elementor-element elementor-element-7173f8a2 elementor-align-center elementor-widget elementor-widget-wc-add-to-cart\" data-id=\"7173f8a2\" data-element_type=\"widget\" data-widget_type=\"wc-add-to-cart.default\">\n\t\t\t\t<div class=\"elementor-widget-container\">\n\t\t\t\n\t\n\t<form class=\"cart\" action=\"https:\/\/vidasenespanol.com\/pl\/produkt\/cabeza-llena-de-modismos\/\" method=\"post\" enctype='multipart\/form-data'>\n\t\t\n\t\t<div class=\"quantity\">\n\t\t<label class=\"screen-reader-text\" for=\"quantity_69df52fd877e8\">ilo\u015b\u0107 Cabeza llena de modismos<\/label>\n\t<input\n\t\ttype=\"hidden\"\n\t\t\t\tid=\"quantity_69df52fd877e8\"\n\t\tclass=\"input-text qty text\"\n\t\tname=\"quantity\"\n\t\tvalue=\"1\"\n\t\taria-label=\"Ilo\u015b\u0107 produktu\"\n\t\tsize=\"4\"\n\t\tmin=\"1\"\n\t\tmax=\"1\"\n\t\t\t\t\tstep=\"1\"\n\t\t\tplaceholder=\"\"\n\t\t\tinputmode=\"numeric\"\n\t\t\tautocomplete=\"off\"\n\t\t\t\/>\n\t<\/div>\n\n\t\t<button type=\"submit\" name=\"add-to-cart\" value=\"9014\" class=\"single_add_to_cart_button elementor-button button alt\">\t\t<span class=\"elementor-button-content-wrapper\">\n\t\t\t\t\t\t<span class=\"elementor-button-icon elementor-align-icon-left\">\n\t\t\t\t<i aria-hidden=\"true\" class=\"fas fa-shopping-cart\"><\/i>\t\t\t<\/span>\n\t\t\t\t\t\t<span class=\"elementor-button-text\">Dodaj do koszyka<\/span>\n\t\t<\/span>\n\t\t<\/button>\n\n\t\t\t<\/form>\n\n\t\n\t\t<\/div>\n\t\t\t\t<\/div>\n\t\t\t\t<div class=\"elementor-element elementor-element-4a333dc9 elementor-widget elementor-widget-text-editor\" data-id=\"4a333dc9\" data-element_type=\"widget\" data-widget_type=\"text-editor.default\">\n\t\t\t\t<div class=\"elementor-widget-container\">\n\t\t\t\t\t<div class=\"elementor-text-editor elementor-clearfix\"><h4 style=\"text-align: center;\"><strong>INNE MATERIA\u0141Y DO NAUKI HISZPA\u0143SKIEGO:<\/strong><\/h4>\n<\/div>\n\t\t\t\t<\/div>\n\t\t\t\t<\/div>\n\t\t\t\t<div class=\"elementor-element elementor-element-354505e5 elementor-products-columns-2 elementor-products-columns-mobile-1 elementor-products-grid elementor-wc-products show-heading-yes elementor-widget elementor-widget-woocommerce-product-related\" data-id=\"354505e5\" data-element_type=\"widget\" data-widget_type=\"woocommerce-product-related.default\">\n\t\t\t\t<div class=\"elementor-widget-container\">\n\t\t\t\n\t<section class=\"related products\">\n\n\t\t\t\t\t<h2>Podobne produkty<\/h2>\n\t\t\t\t\n\t\t<ul class=\"products columns-4\">\n\n\t\t\t\n\t\t\t\t\t<li class=\"product type-product post-9002 status-publish first instock product_cat-bez-kategorii has-post-thumbnail downloadable virtual sold-individually taxable purchasable product-type-course\">\n\t<a href=\"https:\/\/vidasenespanol.com\/pl\/produkt\/curso-haz-las-paces-con-el-subjuntivo-i\/\" class=\"woocommerce-LoopProduct-link woocommerce-loop-product__link\"><img loading=\"lazy\" decoding=\"async\" width=\"360\" height=\"203\" src=\"https:\/\/vidasenespanol.com\/wp-content\/uploads\/2021\/06\/Empieza-aqui-360x203.png\" class=\"attachment-woocommerce_thumbnail size-woocommerce_thumbnail\" alt=\"\" srcset=\"https:\/\/vidasenespanol.com\/wp-content\/uploads\/2021\/06\/Empieza-aqui-360x203.png 360w, https:\/\/vidasenespanol.com\/wp-content\/uploads\/2021\/06\/Empieza-aqui-300x169.png 300w, https:\/\/vidasenespanol.com\/wp-content\/uploads\/2021\/06\/Empieza-aqui-1024x576.png 1024w, https:\/\/vidasenespanol.com\/wp-content\/uploads\/2021\/06\/Empieza-aqui-768x432.png 768w, https:\/\/vidasenespanol.com\/wp-content\/uploads\/2021\/06\/Empieza-aqui-1536x864.png 1536w, https:\/\/vidasenespanol.com\/wp-content\/uploads\/2021\/06\/Empieza-aqui-600x338.png 600w, https:\/\/vidasenespanol.com\/wp-content\/uploads\/2021\/06\/Empieza-aqui.png 1920w\" sizes=\"(max-width: 360px) 100vw, 360px\" \/><h2 class=\"woocommerce-loop-product__title\">Curso: Haz las paces con el subjuntivo I<\/h2>\n\t<span class=\"price\"><span class=\"woocommerce-Price-amount amount\"><bdi>244,77&nbsp;<span class=\"woocommerce-Price-currencySymbol\">&#122;&#322;<\/span><\/bdi><\/span> <small class=\"woocommerce-price-suffix\">IVA incluido<\/small><\/span>\n<\/a><a href=\"\/pl\/wp-json\/wp\/v2\/product\/9014?add-to-cart=9002\" aria-describedby=\"woocommerce_loop_add_to_cart_link_describedby_9002\" data-quantity=\"1\" class=\"button product_type_course add_to_cart_button ajax_add_to_cart\" data-product_id=\"9002\" data-product_sku=\"\" aria-label=\"Przeczytaj wi\u0119cej o &bdquo;Curso: Haz las paces con el subjuntivo I&rdquo;\" rel=\"nofollow\">Add to cart<\/a>\t<span id=\"woocommerce_loop_add_to_cart_link_describedby_9002\" class=\"screen-reader-text\">\n\t\t\t<\/span>\n<\/li>\n\n\t\t\t\n\t\t\t\t\t<li class=\"product type-product post-9010 status-publish instock product_cat-bez-kategorii has-post-thumbnail downloadable virtual sold-individually taxable purchasable product-type-simple\">\n\t<a href=\"https:\/\/vidasenespanol.com\/pl\/produkt\/espanol-para-cada-estacion-del-ano-primavera\/\" class=\"woocommerce-LoopProduct-link woocommerce-loop-product__link\"><img loading=\"lazy\" decoding=\"async\" width=\"360\" height=\"245\" src=\"https:\/\/vidasenespanol.com\/wp-content\/uploads\/2020\/04\/trzy-karki-mac-1-360x245.png\" class=\"attachment-woocommerce_thumbnail size-woocommerce_thumbnail\" alt=\"\" srcset=\"https:\/\/vidasenespanol.com\/wp-content\/uploads\/2020\/04\/trzy-karki-mac-1-360x245.png 360w, https:\/\/vidasenespanol.com\/wp-content\/uploads\/2020\/04\/trzy-karki-mac-1-600x409.png 600w, https:\/\/vidasenespanol.com\/wp-content\/uploads\/2020\/04\/trzy-karki-mac-1-300x204.png 300w, https:\/\/vidasenespanol.com\/wp-content\/uploads\/2020\/04\/trzy-karki-mac-1-768x523.png 768w, https:\/\/vidasenespanol.com\/wp-content\/uploads\/2020\/04\/trzy-karki-mac-1-1024x697.png 1024w, https:\/\/vidasenespanol.com\/wp-content\/uploads\/2020\/04\/trzy-karki-mac-1.png 1862w\" sizes=\"(max-width: 360px) 100vw, 360px\" \/><h2 class=\"woocommerce-loop-product__title\">Espa\u00f1ol para cada estaci\u00f3n del a\u00f1o. Primavera.<\/h2>\n\t<span class=\"price\"><span class=\"woocommerce-Price-amount amount\"><bdi>47,25&nbsp;<span class=\"woocommerce-Price-currencySymbol\">&#122;&#322;<\/span><\/bdi><\/span> <small class=\"woocommerce-price-suffix\">IVA incluido<\/small><\/span>\n<\/a><a href=\"?add-to-cart=9010\" aria-describedby=\"woocommerce_loop_add_to_cart_link_describedby_9010\" data-quantity=\"1\" class=\"button product_type_simple add_to_cart_button ajax_add_to_cart\" data-product_id=\"9010\" data-product_sku=\"\" aria-label=\"Dodaj do koszyka: &bdquo;Espa\u00f1ol para cada estaci\u00f3n del a\u00f1o. Primavera.&rdquo;\" rel=\"nofollow\" data-success_message=\"&ldquo;Espa\u00f1ol para cada estaci\u00f3n del a\u00f1o. Primavera.&rdquo; has been added to your cart\">Dodaj do koszyka<\/a>\t<span id=\"woocommerce_loop_add_to_cart_link_describedby_9010\" class=\"screen-reader-text\">\n\t\t\t<\/span>\n<\/li>\n\n\t\t\t\n\t\t<\/ul>\n\n\t<\/section>\n\t\t\t<\/div>\n\t\t\t\t<\/div>\n\t\t\t\t\t\t<\/div>\n\t\t\t\t\t<\/div>\n\t\t<\/div>\n\t\t\t\t\t\t\t\t<\/div>\n\t\t\t\t\t<\/div>\n\t\t<\/section>\n\t\t\t\t<section class=\"elementor-section elementor-top-section elementor-element elementor-element-40cb9647 elementor-section-stretched vidas-zapisz-baner elementor-section-boxed elementor-section-height-default elementor-section-height-default\" data-id=\"40cb9647\" data-element_type=\"section\" data-settings=\"{&quot;stretch_section&quot;:&quot;section-stretched&quot;}\">\n\t\t\t\t\t\t<div class=\"elementor-container elementor-column-gap-no\">\n\t\t\t\t\t\t\t<div class=\"elementor-row\">\n\t\t\t\t\t<div class=\"elementor-column elementor-col-100 elementor-top-column elementor-element elementor-element-5001b31b\" data-id=\"5001b31b\" data-element_type=\"column\">\n\t\t\t<div class=\"elementor-column-wrap elementor-element-populated\">\n\t\t\t\t\t\t\t<div class=\"elementor-widget-wrap\">\n\t\t\t\t\t\t<div class=\"elementor-element elementor-element-4dbecdb8 elementor-widget elementor-widget-image\" data-id=\"4dbecdb8\" data-element_type=\"widget\" data-widget_type=\"image.default\">\n\t\t\t\t<div class=\"elementor-widget-container\">\n\t\t\t\t\t<div class=\"elementor-image\">\n\t\t\t\t\t\t\t\t\t\t<img loading=\"lazy\" decoding=\"async\" width=\"2460\" height=\"936\" src=\"https:\/\/vidasenespanol.com\/wp-content\/uploads\/2021\/01\/baner-prezenty.png\" class=\"attachment-full size-full\" alt=\"\" srcset=\"https:\/\/vidasenespanol.com\/wp-content\/uploads\/2021\/01\/baner-prezenty.png 2460w, https:\/\/vidasenespanol.com\/wp-content\/uploads\/2021\/01\/baner-prezenty-360x137.png 360w, https:\/\/vidasenespanol.com\/wp-content\/uploads\/2021\/01\/baner-prezenty-600x228.png 600w, https:\/\/vidasenespanol.com\/wp-content\/uploads\/2021\/01\/baner-prezenty-300x114.png 300w, https:\/\/vidasenespanol.com\/wp-content\/uploads\/2021\/01\/baner-prezenty-1024x390.png 1024w, https:\/\/vidasenespanol.com\/wp-content\/uploads\/2021\/01\/baner-prezenty-768x292.png 768w, https:\/\/vidasenespanol.com\/wp-content\/uploads\/2021\/01\/baner-prezenty-1536x584.png 1536w, https:\/\/vidasenespanol.com\/wp-content\/uploads\/2021\/01\/baner-prezenty-2048x779.png 2048w\" sizes=\"(max-width: 2460px) 100vw, 2460px\" \/>\t\t\t\t\t\t\t\t\t\t\t<\/div>\n\t\t\t\t<\/div>\n\t\t\t\t<\/div>\n\t\t\t\t\t\t<\/div>\n\t\t\t\t\t<\/div>\n\t\t<\/div>\n\t\t\t\t\t\t\t\t<\/div>\n\t\t\t\t\t<\/div>\n\t\t<\/section>\n\t\t\t\t\t\t<\/div>\n\t\t\t\t\t\t<\/div>\n\t\t\t\t\t<\/div>\n\t\t<\/div><\/div>","protected":false},"excerpt":{"rendered":"<p>Ebook (w formacie PDF) obejmuje list\u0119 100 hiszpa\u0144skich idiom\u00f3w\u00a0wraz z t\u0142umaczeniami + 30 \u0107wicze\u0144 -&gt; dzi\u0119ki nim poznasz i zapami\u0119tasz 100 popularnych idiom\u00f3w hiszpa\u0144skich, takich jak: ir como la seda, quedarse en blanco o tirar la casa por la ventana \ud83d\ude42 Oto przyk\u0142adowe \u0107wiczenia z ebooka: \u0106wiczenia cechuje du\u017ca\u00a0r\u00f3\u017cnorodno\u015b\u0107, co wp\u0142ywa na\u00a0szybko\u015b\u0107\u00a0i\u00a0efektywno\u015b\u0107\u00a0nauki, a\u00a0atrakcyjna forma wizualna\u00a0wspomaga [&hellip;]<\/p>\n","protected":false},"featured_media":4563,"template":"","meta":{"episode_type":"","audio_file":"","cover_image":"","cover_image_id":"","duration":"","filesize":"","date_recorded":"","explicit":"","block":"","filesize_raw":""},"product_cat":[41],"product_tag":[],"class_list":{"0":"post-9014","1":"product","2":"type-product","3":"status-publish","4":"has-post-thumbnail","6":"product_cat-bez-kategorii","8":"","9":"instock","10":"downloadable","11":"virtual","12":"sold-individually","13":"taxable","14":"purchasable","15":"product-type-simple"},"_links":{"self":[{"href":"https:\/\/vidasenespanol.com\/pl\/wp-json\/wp\/v2\/product\/9014"}],"collection":[{"href":"https:\/\/vidasenespanol.com\/pl\/wp-json\/wp\/v2\/product"}],"about":[{"href":"https:\/\/vidasenespanol.com\/pl\/wp-json\/wp\/v2\/types\/product"}],"version-history":[{"count":17,"href":"https:\/\/vidasenespanol.com\/pl\/wp-json\/wp\/v2\/product\/9014\/revisions"}],"predecessor-version":[{"id":11986,"href":"https:\/\/vidasenespanol.com\/pl\/wp-json\/wp\/v2\/product\/9014\/revisions\/11986"}],"wp:featuredmedia":[{"embeddable":true,"href":"https:\/\/vidasenespanol.com\/pl\/wp-json\/wp\/v2\/media\/4563"}],"wp:attachment":[{"href":"https:\/\/vidasenespanol.com\/pl\/wp-json\/wp\/v2\/media?parent=9014"}],"wp:term":[{"taxonomy":"product_cat","embeddable":true,"href":"https:\/\/vidasenespanol.com\/pl\/wp-json\/wp\/v2\/product_cat?post=9014"},{"taxonomy":"product_tag","embeddable":true,"href":"https:\/\/vidasenespanol.com\/pl\/wp-json\/wp\/v2\/product_tag?post=9014"}],"curies":[{"name":"wp","href":"https:\/\/api.w.org\/{rel}","templated":true}]}}