{"id":9016,"date":"2021-01-24T20:02:59","date_gmt":"2021-01-24T19:02:59","guid":{"rendered":"https:\/\/vidasenespanol.com\/produkt\/la-historia-de-salvador-dali\/"},"modified":"2024-11-18T10:26:34","modified_gmt":"2024-11-18T09:26:34","slug":"la-historia-de-salvador-dali","status":"publish","type":"product","link":"https:\/\/vidasenespanol.com\/pl\/produkt\/la-historia-de-salvador-dali\/","title":{"rendered":"La historia de Salvador Dal\u00ed"},"content":{"rendered":"<div id=\"dslc-theme-content\"><div id=\"dslc-theme-content-inner\">\t\t<div data-elementor-type=\"product-post\" data-elementor-id=\"9016\" class=\"elementor elementor-9016 elementor-4829\" data-elementor-settings=\"[]\">\n\t\t\t\t\t\t<div class=\"elementor-inner\">\n\t\t\t\t\t\t\t<div class=\"elementor-section-wrap\">\n\t\t\t\t\t\t\t<section class=\"elementor-section elementor-top-section elementor-element elementor-element-215b32c6 elementor-section-boxed elementor-section-height-default elementor-section-height-default\" data-id=\"215b32c6\" data-element_type=\"section\">\n\t\t\t\t\t\t<div class=\"elementor-container elementor-column-gap-default\">\n\t\t\t\t\t\t\t<div class=\"elementor-row\">\n\t\t\t\t\t<div class=\"elementor-column elementor-col-33 elementor-top-column elementor-element elementor-element-66de228\" data-id=\"66de228\" data-element_type=\"column\">\n\t\t\t<div class=\"elementor-column-wrap elementor-element-populated\">\n\t\t\t\t\t\t\t<div class=\"elementor-widget-wrap\">\n\t\t\t\t\t\t<div class=\"elementor-element elementor-element-6226c29c elementor-widget elementor-widget-image\" data-id=\"6226c29c\" data-element_type=\"widget\" data-widget_type=\"image.default\">\n\t\t\t\t<div class=\"elementor-widget-container\">\n\t\t\t\t\t<div class=\"elementor-image\">\n\t\t\t\t\t\t\t\t\t\t<img loading=\"lazy\" decoding=\"async\" width=\"1414\" height=\"2000\" src=\"https:\/\/vidasenespanol.com\/wp-content\/uploads\/2019\/11\/Salvador.png\" class=\"attachment-full size-full\" alt=\"\" srcset=\"https:\/\/vidasenespanol.com\/wp-content\/uploads\/2019\/11\/Salvador.png 1414w, https:\/\/vidasenespanol.com\/wp-content\/uploads\/2019\/11\/Salvador-360x509.png 360w, https:\/\/vidasenespanol.com\/wp-content\/uploads\/2019\/11\/Salvador-600x849.png 600w, https:\/\/vidasenespanol.com\/wp-content\/uploads\/2019\/11\/Salvador-212x300.png 212w, https:\/\/vidasenespanol.com\/wp-content\/uploads\/2019\/11\/Salvador-768x1086.png 768w, https:\/\/vidasenespanol.com\/wp-content\/uploads\/2019\/11\/Salvador-724x1024.png 724w\" sizes=\"(max-width: 1414px) 100vw, 1414px\" \/>\t\t\t\t\t\t\t\t\t\t\t<\/div>\n\t\t\t\t<\/div>\n\t\t\t\t<\/div>\n\t\t\t\t\t\t<\/div>\n\t\t\t\t\t<\/div>\n\t\t<\/div>\n\t\t\t\t<div class=\"elementor-column elementor-col-66 elementor-top-column elementor-element elementor-element-9957141\" data-id=\"9957141\" data-element_type=\"column\">\n\t\t\t<div class=\"elementor-column-wrap elementor-element-populated\">\n\t\t\t\t\t\t\t<div class=\"elementor-widget-wrap\">\n\t\t\t\t\t\t<div class=\"elementor-element elementor-element-4575d90 elementor-widget elementor-widget-text-editor\" data-id=\"4575d90\" data-element_type=\"widget\" data-widget_type=\"text-editor.default\">\n\t\t\t\t<div class=\"elementor-widget-container\">\n\t\t\t\t\t<div class=\"elementor-text-editor elementor-clearfix\"><h2>La historia de Salvador Dal\u00ed<\/h2><h3>Ten plik zawiera:<\/h3><h3>&#8211; <strong>kompletn\u0105 transkrypcj\u0119<\/strong> historii Salvadora Dal\u00ed<\/h3><h3>&#8211; <strong>list\u0119 (trudniejszych) s\u0142\u00f3wek i wyra\u017ce\u0144<\/strong> pojawiaj\u0105cych si\u0119 w tek\u015bcie<\/h3><h3>&#8211; <strong>13 \u0107wicze\u0144<\/strong> zwi\u0105zanych z tekstem i ze s\u0142ownictwem z tekstu<\/h3><h3>Ta historia jest dost\u0119pna w formacie PDF <strong>(to 59 stron tekstu i \u0107wicze\u0144)<\/strong>.<\/h3><h3>Cena: 10,50 z\u0142.<\/h3><h3>*Na mojej stronie internetowej ta biografia jest dost\u0119pna (do pobrania lub pos\u0142uchania) w wersji audio.<\/h3><h3>\u00a0<\/h3><h3>Wybierz histori\u0119 Salvadora i wyrusz w podr\u00f3\u017c do Hiszpanii!<\/h3><h3>Poni\u017cej znajdziesz przyk\u0142adowe strony z historii Salvadora Dal\u00ed.<\/h3><\/div>\n\t\t\t\t<\/div>\n\t\t\t\t<\/div>\n\t\t\t\t<div class=\"elementor-element elementor-element-7173f8a2 elementor-align-center elementor-widget elementor-widget-wc-add-to-cart\" data-id=\"7173f8a2\" data-element_type=\"widget\" data-widget_type=\"wc-add-to-cart.default\">\n\t\t\t\t<div class=\"elementor-widget-container\">\n\t\t\t\n\t\n\t<form class=\"cart\" action=\"https:\/\/vidasenespanol.com\/pl\/produkt\/la-historia-de-salvador-dali\/\" method=\"post\" enctype='multipart\/form-data'>\n\t\t\n\t\t<div class=\"quantity\">\n\t\t<label class=\"screen-reader-text\" for=\"quantity_69e1fe498f0a4\">ilo\u015b\u0107 La historia de Salvador Dal\u00ed<\/label>\n\t<input\n\t\ttype=\"hidden\"\n\t\t\t\tid=\"quantity_69e1fe498f0a4\"\n\t\tclass=\"input-text qty text\"\n\t\tname=\"quantity\"\n\t\tvalue=\"1\"\n\t\taria-label=\"Ilo\u015b\u0107 produktu\"\n\t\tsize=\"4\"\n\t\tmin=\"1\"\n\t\tmax=\"1\"\n\t\t\t\t\tstep=\"1\"\n\t\t\tplaceholder=\"\"\n\t\t\tinputmode=\"numeric\"\n\t\t\tautocomplete=\"off\"\n\t\t\t\/>\n\t<\/div>\n\n\t\t<button type=\"submit\" name=\"add-to-cart\" value=\"9016\" class=\"single_add_to_cart_button elementor-button button alt\">\t\t<span class=\"elementor-button-content-wrapper\">\n\t\t\t\t\t\t<span class=\"elementor-button-icon elementor-align-icon-left\">\n\t\t\t\t<i aria-hidden=\"true\" class=\"fas fa-shopping-cart\"><\/i>\t\t\t<\/span>\n\t\t\t\t\t\t<span class=\"elementor-button-text\">Dodaj do koszyka<\/span>\n\t\t<\/span>\n\t\t<\/button>\n\n\t\t\t<\/form>\n\n\t\n\t\t<\/div>\n\t\t\t\t<\/div>\n\t\t\t\t\t\t<\/div>\n\t\t\t\t\t<\/div>\n\t\t<\/div>\n\t\t\t\t\t\t\t\t<\/div>\n\t\t\t\t\t<\/div>\n\t\t<\/section>\n\t\t\t\t<section class=\"elementor-section elementor-top-section elementor-element elementor-element-53406513 elementor-section-boxed elementor-section-height-default elementor-section-height-default\" data-id=\"53406513\" data-element_type=\"section\">\n\t\t\t\t\t\t<div class=\"elementor-container elementor-column-gap-default\">\n\t\t\t\t\t\t\t<div class=\"elementor-row\">\n\t\t\t\t\t<div class=\"elementor-column elementor-col-50 elementor-top-column elementor-element elementor-element-764ce41b\" data-id=\"764ce41b\" data-element_type=\"column\">\n\t\t\t<div class=\"elementor-column-wrap elementor-element-populated\">\n\t\t\t\t\t\t\t<div class=\"elementor-widget-wrap\">\n\t\t\t\t\t\t<div class=\"elementor-element elementor-element-556687fc elementor-widget elementor-widget-image\" data-id=\"556687fc\" data-element_type=\"widget\" data-widget_type=\"image.default\">\n\t\t\t\t<div class=\"elementor-widget-container\">\n\t\t\t\t\t<div class=\"elementor-image\">\n\t\t\t\t\t\t\t\t\t\t<img loading=\"lazy\" decoding=\"async\" width=\"1414\" height=\"2000\" src=\"https:\/\/vidasenespanol.com\/wp-content\/uploads\/2019\/11\/Salvador-1.png\" class=\"attachment-full size-full\" alt=\"\" srcset=\"https:\/\/vidasenespanol.com\/wp-content\/uploads\/2019\/11\/Salvador-1.png 1414w, https:\/\/vidasenespanol.com\/wp-content\/uploads\/2019\/11\/Salvador-1-360x509.png 360w, https:\/\/vidasenespanol.com\/wp-content\/uploads\/2019\/11\/Salvador-1-600x849.png 600w, https:\/\/vidasenespanol.com\/wp-content\/uploads\/2019\/11\/Salvador-1-212x300.png 212w, https:\/\/vidasenespanol.com\/wp-content\/uploads\/2019\/11\/Salvador-1-768x1086.png 768w, https:\/\/vidasenespanol.com\/wp-content\/uploads\/2019\/11\/Salvador-1-724x1024.png 724w\" sizes=\"(max-width: 1414px) 100vw, 1414px\" \/>\t\t\t\t\t\t\t\t\t\t\t<\/div>\n\t\t\t\t<\/div>\n\t\t\t\t<\/div>\n\t\t\t\t\t\t<\/div>\n\t\t\t\t\t<\/div>\n\t\t<\/div>\n\t\t\t\t<div class=\"elementor-column elementor-col-50 elementor-top-column elementor-element elementor-element-14823d5a\" data-id=\"14823d5a\" data-element_type=\"column\">\n\t\t\t<div class=\"elementor-column-wrap elementor-element-populated\">\n\t\t\t\t\t\t\t<div class=\"elementor-widget-wrap\">\n\t\t\t\t\t\t<div class=\"elementor-element elementor-element-b1ff566 elementor-widget elementor-widget-image\" data-id=\"b1ff566\" data-element_type=\"widget\" data-widget_type=\"image.default\">\n\t\t\t\t<div class=\"elementor-widget-container\">\n\t\t\t\t\t<div class=\"elementor-image\">\n\t\t\t\t\t\t\t\t\t\t<img loading=\"lazy\" decoding=\"async\" width=\"724\" height=\"1024\" src=\"https:\/\/vidasenespanol.com\/wp-content\/uploads\/2019\/11\/Salvador-2-724x1024.png\" class=\"attachment-large size-large\" alt=\"\" srcset=\"https:\/\/vidasenespanol.com\/wp-content\/uploads\/2019\/11\/Salvador-2-724x1024.png 724w, https:\/\/vidasenespanol.com\/wp-content\/uploads\/2019\/11\/Salvador-2-360x509.png 360w, https:\/\/vidasenespanol.com\/wp-content\/uploads\/2019\/11\/Salvador-2-600x849.png 600w, https:\/\/vidasenespanol.com\/wp-content\/uploads\/2019\/11\/Salvador-2-212x300.png 212w, https:\/\/vidasenespanol.com\/wp-content\/uploads\/2019\/11\/Salvador-2-768x1086.png 768w, https:\/\/vidasenespanol.com\/wp-content\/uploads\/2019\/11\/Salvador-2.png 1414w\" sizes=\"(max-width: 724px) 100vw, 724px\" \/>\t\t\t\t\t\t\t\t\t\t\t<\/div>\n\t\t\t\t<\/div>\n\t\t\t\t<\/div>\n\t\t\t\t\t\t<\/div>\n\t\t\t\t\t<\/div>\n\t\t<\/div>\n\t\t\t\t\t\t\t\t<\/div>\n\t\t\t\t\t<\/div>\n\t\t<\/section>\n\t\t\t\t<section class=\"elementor-section elementor-top-section elementor-element elementor-element-40cb9647 elementor-section-stretched vidas-zapisz-baner elementor-section-boxed elementor-section-height-default elementor-section-height-default\" data-id=\"40cb9647\" data-element_type=\"section\" data-settings=\"{&quot;stretch_section&quot;:&quot;section-stretched&quot;}\">\n\t\t\t\t\t\t<div class=\"elementor-container elementor-column-gap-no\">\n\t\t\t\t\t\t\t<div class=\"elementor-row\">\n\t\t\t\t\t<div class=\"elementor-column elementor-col-100 elementor-top-column elementor-element elementor-element-5001b31b\" data-id=\"5001b31b\" data-element_type=\"column\">\n\t\t\t<div class=\"elementor-column-wrap elementor-element-populated\">\n\t\t\t\t\t\t\t<div class=\"elementor-widget-wrap\">\n\t\t\t\t\t\t<div class=\"elementor-element elementor-element-4dbecdb8 elementor-widget elementor-widget-image\" data-id=\"4dbecdb8\" data-element_type=\"widget\" data-widget_type=\"image.default\">\n\t\t\t\t<div class=\"elementor-widget-container\">\n\t\t\t\t\t<div class=\"elementor-image\">\n\t\t\t\t\t\t\t\t\t\t<img loading=\"lazy\" decoding=\"async\" width=\"2460\" height=\"936\" src=\"https:\/\/vidasenespanol.com\/wp-content\/uploads\/2021\/01\/baner-prezenty.png\" class=\"attachment-full size-full\" alt=\"\" srcset=\"https:\/\/vidasenespanol.com\/wp-content\/uploads\/2021\/01\/baner-prezenty.png 2460w, https:\/\/vidasenespanol.com\/wp-content\/uploads\/2021\/01\/baner-prezenty-360x137.png 360w, https:\/\/vidasenespanol.com\/wp-content\/uploads\/2021\/01\/baner-prezenty-600x228.png 600w, https:\/\/vidasenespanol.com\/wp-content\/uploads\/2021\/01\/baner-prezenty-300x114.png 300w, https:\/\/vidasenespanol.com\/wp-content\/uploads\/2021\/01\/baner-prezenty-1024x390.png 1024w, https:\/\/vidasenespanol.com\/wp-content\/uploads\/2021\/01\/baner-prezenty-768x292.png 768w, https:\/\/vidasenespanol.com\/wp-content\/uploads\/2021\/01\/baner-prezenty-1536x584.png 1536w, https:\/\/vidasenespanol.com\/wp-content\/uploads\/2021\/01\/baner-prezenty-2048x779.png 2048w\" sizes=\"(max-width: 2460px) 100vw, 2460px\" \/>\t\t\t\t\t\t\t\t\t\t\t<\/div>\n\t\t\t\t<\/div>\n\t\t\t\t<\/div>\n\t\t\t\t\t\t<\/div>\n\t\t\t\t\t<\/div>\n\t\t<\/div>\n\t\t\t\t\t\t\t\t<\/div>\n\t\t\t\t\t<\/div>\n\t\t<\/section>\n\t\t\t\t\t\t<\/div>\n\t\t\t\t\t\t<\/div>\n\t\t\t\t\t<\/div>\n\t\t<\/div><\/div>","protected":false},"excerpt":{"rendered":"<p>La historia de Salvador Dal\u00ed Ten plik zawiera: &#8211; kompletn\u0105 transkrypcj\u0119 historii Salvadora Dal\u00ed &#8211; list\u0119 (trudniejszych) s\u0142\u00f3wek i wyra\u017ce\u0144 pojawiaj\u0105cych si\u0119 w tek\u015bcie &#8211; 13 \u0107wicze\u0144 zwi\u0105zanych z tekstem i ze s\u0142ownictwem z tekstu Ta historia jest dost\u0119pna w formacie PDF (to 59 stron tekstu i \u0107wicze\u0144). Cena: 10,50 z\u0142. *Na mojej stronie internetowej [&hellip;]<\/p>\n","protected":false},"featured_media":4644,"template":"","meta":{"episode_type":"","audio_file":"","cover_image":"","cover_image_id":"","duration":"","filesize":"","date_recorded":"","explicit":"","block":"","filesize_raw":""},"product_cat":[41],"product_tag":[],"class_list":{"0":"post-9016","1":"product","2":"type-product","3":"status-publish","4":"has-post-thumbnail","6":"product_cat-bez-kategorii","8":"first","9":"instock","10":"downloadable","11":"virtual","12":"sold-individually","13":"taxable","14":"purchasable","15":"product-type-simple"},"_links":{"self":[{"href":"https:\/\/vidasenespanol.com\/pl\/wp-json\/wp\/v2\/product\/9016"}],"collection":[{"href":"https:\/\/vidasenespanol.com\/pl\/wp-json\/wp\/v2\/product"}],"about":[{"href":"https:\/\/vidasenespanol.com\/pl\/wp-json\/wp\/v2\/types\/product"}],"version-history":[{"count":8,"href":"https:\/\/vidasenespanol.com\/pl\/wp-json\/wp\/v2\/product\/9016\/revisions"}],"predecessor-version":[{"id":9597,"href":"https:\/\/vidasenespanol.com\/pl\/wp-json\/wp\/v2\/product\/9016\/revisions\/9597"}],"wp:featuredmedia":[{"embeddable":true,"href":"https:\/\/vidasenespanol.com\/pl\/wp-json\/wp\/v2\/media\/4644"}],"wp:attachment":[{"href":"https:\/\/vidasenespanol.com\/pl\/wp-json\/wp\/v2\/media?parent=9016"}],"wp:term":[{"taxonomy":"product_cat","embeddable":true,"href":"https:\/\/vidasenespanol.com\/pl\/wp-json\/wp\/v2\/product_cat?post=9016"},{"taxonomy":"product_tag","embeddable":true,"href":"https:\/\/vidasenespanol.com\/pl\/wp-json\/wp\/v2\/product_tag?post=9016"}],"curies":[{"name":"wp","href":"https:\/\/api.w.org\/{rel}","templated":true}]}}